{"id":152,"date":"2022-07-21T21:38:02","date_gmt":"2022-07-21T21:38:02","guid":{"rendered":"https:\/\/victorybeauty2022.devmaster.ch\/?page_id=152"},"modified":"2023-01-31T15:53:35","modified_gmt":"2023-01-31T15:53:35","slug":"contacts","status":"publish","type":"page","link":"https:\/\/victorybeauty2022.devmaster.ch\/?page_id=152","title":{"rendered":"Contacts us"},"content":{"rendered":"\t\t<div data-elementor-type=\"wp-page\" data-elementor-id=\"152\" class=\"elementor elementor-152\">\n\t\t\t\t\t\t\t\t\t<section class=\"elementor-section elementor-top-section elementor-element elementor-element-2c4f8ec elementor-section-boxed elementor-section-height-default elementor-section-height-default\" data-id=\"2c4f8ec\" data-element_type=\"section\">\n\t\t\t\t\t\t<div class=\"elementor-container elementor-column-gap-default\">\n\t\t\t\t\t<div class=\"elementor-column elementor-col-100 elementor-top-column elementor-element elementor-element-ce5d064\" data-id=\"ce5d064\" data-element_type=\"column\">\n\t\t\t<div class=\"elementor-widget-wrap elementor-element-populated\">\n\t\t\t\t\t\t\t\t<div class=\"elementor-element elementor-element-6b4fb48 elementor-widget elementor-widget-heading\" data-id=\"6b4fb48\" data-element_type=\"widget\" data-widget_type=\"heading.default\">\n\t\t\t\t<div class=\"elementor-widget-container\">\n\t\t\t<h1 class=\"elementor-heading-title elementor-size-default\">Kontakt<\/h1>\t\t<\/div>\n\t\t\t\t<\/div>\n\t\t\t\t\t<\/div>\n\t\t<\/div>\n\t\t\t\t\t\t\t<\/div>\n\t\t<\/section>\n\t\t\t\t<section class=\"elementor-section elementor-top-section elementor-element elementor-element-ac4f46e elementor-section-boxed elementor-section-height-default elementor-section-height-default\" data-id=\"ac4f46e\" data-element_type=\"section\">\n\t\t\t\t\t\t<div class=\"elementor-container elementor-column-gap-default\">\n\t\t\t\t\t<div class=\"elementor-column elementor-col-50 elementor-top-column elementor-element elementor-element-1549f8b\" data-id=\"1549f8b\" data-element_type=\"column\">\n\t\t\t<div class=\"elementor-widget-wrap elementor-element-populated\">\n\t\t\t\t\t\t\t\t<div class=\"elementor-element elementor-element-3cc068d elementor-widget elementor-widget-text-editor\" data-id=\"3cc068d\" data-element_type=\"widget\" data-widget_type=\"text-editor.default\">\n\t\t\t\t<div class=\"elementor-widget-container\">\n\t\t\t\t\t\t\tVictory Beauty Lounge<br>\nSeidengasse 18<br>\n8001 Z\u00fcrich<br>\n<br>\n<b>Telefon:<\/b> +41 (0)43 243 90 09\n<br>\n<b>E-Mail:<\/b> info@victorybeauty.ch\n<br>\n<br>\n<b>\u00d6ffnungszeiten:<\/b>\n<br>\nMontag bis Dienstag<br>\n09:00 Uhr bis 20:30<br>\n<br>\nMittwoch<br>\n09:00 Uhr bis 18:30 Uhr<br>\n<br>\nDonnerstag bis Freitag<br>\n09:00 Uhr bis 20:30 Uhr<br>\n<br> \nSamstag<br>\n09:00 Uhr bis 16:00 Uhr<br>\n<br>\nSonntag<br> Geschlossen\t\t\t\t\t\t<\/div>\n\t\t\t\t<\/div>\n\t\t\t\t\t<\/div>\n\t\t<\/div>\n\t\t\t\t<div class=\"elementor-column elementor-col-50 elementor-top-column elementor-element elementor-element-3761a92\" data-id=\"3761a92\" data-element_type=\"column\">\n\t\t\t<div class=\"elementor-widget-wrap elementor-element-populated\">\n\t\t\t\t\t\t\t\t<div class=\"elementor-element elementor-element-7f98110 elementor-button-align-start elementor-widget elementor-widget-form\" data-id=\"7f98110\" data-element_type=\"widget\" data-settings=\"{&quot;step_next_label&quot;:&quot;Next&quot;,&quot;step_previous_label&quot;:&quot;Previous&quot;,&quot;button_width&quot;:&quot;100&quot;,&quot;step_type&quot;:&quot;number_text&quot;,&quot;step_icon_shape&quot;:&quot;circle&quot;}\" data-widget_type=\"form.default\">\n\t\t\t\t<div class=\"elementor-widget-container\">\n\t\t\t\t\t<form class=\"elementor-form\" method=\"post\" name=\"Kontaktformular\">\n\t\t\t<input type=\"hidden\" name=\"post_id\" value=\"152\"\/>\n\t\t\t<input type=\"hidden\" name=\"form_id\" value=\"7f98110\"\/>\n\t\t\t<input type=\"hidden\" name=\"referer_title\" value=\"Cellulite \u2022 Haarentfernung \u2022 Anti Aging \u2022 Z\u00fcrich \u2022 VICTORY BEAUTY\" \/>\n\n\t\t\t\n\t\t\t<div class=\"elementor-form-fields-wrapper elementor-labels-above\">\n\t\t\t\t\t\t\t\t<div class=\"elementor-field-type-text elementor-field-group elementor-column elementor-field-group-Vorname elementor-col-100 elementor-field-required\">\n\t\t\t\t\t\t\t\t\t\t\t\t<label for=\"form-field-Vorname\" class=\"elementor-field-label\">\n\t\t\t\t\t\t\t\tVorname\t\t\t\t\t\t\t<\/label>\n\t\t\t\t\t\t\t\t\t\t\t\t\t\t<input size=\"1\" type=\"text\" name=\"form_fields[Vorname]\" id=\"form-field-Vorname\" class=\"elementor-field elementor-size-sm  elementor-field-textual\" required=\"required\" aria-required=\"true\">\n\t\t\t\t\t\t\t\t\t\t\t<\/div>\n\t\t\t\t\t\t\t\t<div class=\"elementor-field-type-text elementor-field-group elementor-column elementor-field-group-Nachname elementor-col-100 elementor-field-required\">\n\t\t\t\t\t\t\t\t\t\t\t\t<label for=\"form-field-Nachname\" class=\"elementor-field-label\">\n\t\t\t\t\t\t\t\tNachname\t\t\t\t\t\t\t<\/label>\n\t\t\t\t\t\t\t\t\t\t\t\t\t\t<input size=\"1\" type=\"text\" name=\"form_fields[Nachname]\" id=\"form-field-Nachname\" class=\"elementor-field elementor-size-sm  elementor-field-textual\" required=\"required\" aria-required=\"true\">\n\t\t\t\t\t\t\t\t\t\t\t<\/div>\n\t\t\t\t\t\t\t\t<div class=\"elementor-field-type-email elementor-field-group elementor-column elementor-field-group-email elementor-col-100 elementor-field-required\">\n\t\t\t\t\t\t\t\t\t\t\t\t<label for=\"form-field-email\" class=\"elementor-field-label\">\n\t\t\t\t\t\t\t\tEmail\t\t\t\t\t\t\t<\/label>\n\t\t\t\t\t\t\t\t\t\t\t\t\t\t<input size=\"1\" type=\"email\" name=\"form_fields[email]\" id=\"form-field-email\" class=\"elementor-field elementor-size-sm  elementor-field-textual\" required=\"required\" aria-required=\"true\">\n\t\t\t\t\t\t\t\t\t\t\t<\/div>\n\t\t\t\t\t\t\t\t<div class=\"elementor-field-type-tel elementor-field-group elementor-column elementor-field-group-field_57a179f elementor-col-100 elementor-field-required\">\n\t\t\t\t\t\t\t\t\t\t\t\t<label for=\"form-field-field_57a179f\" class=\"elementor-field-label\">\n\t\t\t\t\t\t\t\tTelefonnr.\t\t\t\t\t\t\t<\/label>\n\t\t\t\t\t\t\t\t<input size=\"1\" type=\"tel\" name=\"form_fields[field_57a179f]\" id=\"form-field-field_57a179f\" class=\"elementor-field elementor-size-sm  elementor-field-textual\" required=\"required\" aria-required=\"true\" pattern=\"[0-9()#&amp;+*-=.]+\" title=\"Only numbers and phone characters (#, -, *, etc) are accepted.\">\n\n\t\t\t\t\t\t<\/div>\n\t\t\t\t\t\t\t\t<div class=\"elementor-field-type-text elementor-field-group elementor-column elementor-field-group-Betreff elementor-col-100\">\n\t\t\t\t\t\t\t\t\t\t\t\t<label for=\"form-field-Betreff\" class=\"elementor-field-label\">\n\t\t\t\t\t\t\t\tBetreff\t\t\t\t\t\t\t<\/label>\n\t\t\t\t\t\t\t\t\t\t\t\t\t\t<input size=\"1\" type=\"text\" name=\"form_fields[Betreff]\" id=\"form-field-Betreff\" class=\"elementor-field elementor-size-sm  elementor-field-textual\">\n\t\t\t\t\t\t\t\t\t\t\t<\/div>\n\t\t\t\t\t\t\t\t<div class=\"elementor-field-type-textarea elementor-field-group elementor-column elementor-field-group-message elementor-col-100\">\n\t\t\t\t\t\t\t\t\t\t\t\t<label for=\"form-field-message\" class=\"elementor-field-label\">\n\t\t\t\t\t\t\t\tNachricht\t\t\t\t\t\t\t<\/label>\n\t\t\t\t\t\t<textarea class=\"elementor-field-textual elementor-field  elementor-size-sm\" name=\"form_fields[message]\" id=\"form-field-message\" rows=\"4\"><\/textarea>\t\t\t\t<\/div>\n\t\t\t\t\t\t\t\t<div class=\"elementor-field-group elementor-column elementor-field-type-submit elementor-col-100 e-form__buttons\">\n\t\t\t\t\t<button type=\"submit\" class=\"elementor-button elementor-size-sm\">\n\t\t\t\t\t\t<span >\n\t\t\t\t\t\t\t\t\t\t\t\t\t\t\t<span class=\" elementor-button-icon\">\n\t\t\t\t\t\t\t\t\t\t\t\t\t\t\t\t\t\t\t\t\t\t\t\t\t\t<\/span>\n\t\t\t\t\t\t\t\t\t\t\t\t\t\t\t\t\t\t\t\t\t\t<span class=\"elementor-button-text\">Send<\/span>\n\t\t\t\t\t\t\t\t\t\t\t\t\t<\/span>\n\t\t\t\t\t<\/button>\n\t\t\t\t<\/div>\n\t\t\t<\/div>\n\t\t<\/form>\n\t\t\t\t<\/div>\n\t\t\t\t<\/div>\n\t\t\t\t\t<\/div>\n\t\t<\/div>\n\t\t\t\t\t\t\t<\/div>\n\t\t<\/section>\n\t\t\t\t\t\t\t<\/div>\n\t\t","protected":false},"excerpt":{"rendered":"<p>Kontakt Victory Beauty Lounge Seidengasse 18 8001 Z\u00fcrich Telefon: +41 (0)43 243 90 09 E-Mail: info@victorybeauty.ch \u00d6ffnungszeiten: Montag bis Dienstag 09:00 Uhr bis 20:30 Mittwoch 09:00 Uhr bis 18:30 Uhr Donnerstag bis Freitag 09:00 Uhr bis 20:30 Uhr Samstag 09:00 Uhr bis 16:00 Uhr Sonntag Geschlossen<\/p>\n","protected":false},"author":1,"featured_media":0,"parent":0,"menu_order":0,"comment_status":"closed","ping_status":"closed","template":"elementor_header_footer","meta":[],"yoast_head":"<!-- This site is optimized with the Yoast SEO plugin v20.8 - https:\/\/yoast.com\/wordpress\/plugins\/seo\/ -->\n<title>Contacts us - Cellulite \u2022 Haarentfernung \u2022 Anti Aging \u2022 Z\u00fcrich \u2022 VICTORY BEAUTY<\/title>\n<meta name=\"robots\" content=\"noindex, follow, max-snippet:-1, max-image-preview:large, max-video-preview:-1\" \/>\n<meta property=\"og:locale\" content=\"en_US\" \/>\n<meta property=\"og:type\" content=\"article\" \/>\n<meta property=\"og:title\" content=\"Contacts us - Cellulite \u2022 Haarentfernung \u2022 Anti Aging \u2022 Z\u00fcrich \u2022 VICTORY BEAUTY\" \/>\n<meta property=\"og:description\" content=\"Kontakt Victory Beauty Lounge Seidengasse 18 8001 Z\u00fcrich Telefon: +41 (0)43 243 90 09 E-Mail: info@victorybeauty.ch \u00d6ffnungszeiten: Montag bis Dienstag 09:00 Uhr bis 20:30 Mittwoch 09:00 Uhr bis 18:30 Uhr Donnerstag bis Freitag 09:00 Uhr bis 20:30 Uhr Samstag 09:00 Uhr bis 16:00 Uhr Sonntag Geschlossen\" \/>\n<meta property=\"og:url\" content=\"https:\/\/victorybeauty2022.devmaster.ch\/?page_id=152\" \/>\n<meta property=\"og:site_name\" content=\"Cellulite \u2022 Haarentfernung \u2022 Anti Aging \u2022 Z\u00fcrich \u2022 VICTORY BEAUTY\" \/>\n<meta property=\"article:modified_time\" content=\"2023-01-31T15:53:35+00:00\" \/>\n<meta name=\"twitter:card\" content=\"summary_large_image\" \/>\n<meta name=\"twitter:label1\" content=\"Est. reading time\" \/>\n\t<meta name=\"twitter:data1\" content=\"1 minute\" \/>\n<script type=\"application\/ld+json\" class=\"yoast-schema-graph\">{\"@context\":\"https:\/\/schema.org\",\"@graph\":[{\"@type\":\"WebPage\",\"@id\":\"https:\/\/victorybeauty2022.devmaster.ch\/?page_id=152\",\"url\":\"https:\/\/victorybeauty2022.devmaster.ch\/?page_id=152\",\"name\":\"Contacts us - Cellulite \u2022 Haarentfernung \u2022 Anti Aging \u2022 Z\u00fcrich \u2022 VICTORY BEAUTY\",\"isPartOf\":{\"@id\":\"https:\/\/victorybeauty2022.devmaster.ch\/#website\"},\"datePublished\":\"2022-07-21T21:38:02+00:00\",\"dateModified\":\"2023-01-31T15:53:35+00:00\",\"breadcrumb\":{\"@id\":\"https:\/\/victorybeauty2022.devmaster.ch\/?page_id=152#breadcrumb\"},\"inLanguage\":\"en-US\",\"potentialAction\":[{\"@type\":\"ReadAction\",\"target\":[\"https:\/\/victorybeauty2022.devmaster.ch\/?page_id=152\"]}]},{\"@type\":\"BreadcrumbList\",\"@id\":\"https:\/\/victorybeauty2022.devmaster.ch\/?page_id=152#breadcrumb\",\"itemListElement\":[{\"@type\":\"ListItem\",\"position\":1,\"name\":\"Home\",\"item\":\"https:\/\/victorybeauty2022.devmaster.ch\/\"},{\"@type\":\"ListItem\",\"position\":2,\"name\":\"Contacts us\"}]},{\"@type\":\"WebSite\",\"@id\":\"https:\/\/victorybeauty2022.devmaster.ch\/#website\",\"url\":\"https:\/\/victorybeauty2022.devmaster.ch\/\",\"name\":\"Cellulite \u2022 Haarentfernung \u2022 Anti Aging \u2022 Z\u00fcrich \u2022 VICTORY BEAUTY\",\"description\":\"Cellulite, Haarentfernung dauerhaft ist die Spezialit\u00e4t von VICTORY BEAUTY in Z\u00fcrich. Wir biete Behandlung f\u00fcr Haut-Probleme Falten, Aknes, Pickel und sind pezialisiert auf dauerhafte Haarentfernung. Als Fachpraxis f\u00fcr medizinische Kosmetik kennen wir uns aus mit den verschiedensten Methoden.\",\"publisher\":{\"@id\":\"https:\/\/victorybeauty2022.devmaster.ch\/#organization\"},\"potentialAction\":[{\"@type\":\"SearchAction\",\"target\":{\"@type\":\"EntryPoint\",\"urlTemplate\":\"https:\/\/victorybeauty2022.devmaster.ch\/?s={search_term_string}\"},\"query-input\":\"required name=search_term_string\"}],\"inLanguage\":\"en-US\"},{\"@type\":\"Organization\",\"@id\":\"https:\/\/victorybeauty2022.devmaster.ch\/#organization\",\"name\":\"VICTORY BEAUTY\",\"url\":\"https:\/\/victorybeauty2022.devmaster.ch\/\",\"logo\":{\"@type\":\"ImageObject\",\"inLanguage\":\"en-US\",\"@id\":\"https:\/\/victorybeauty2022.devmaster.ch\/#\/schema\/logo\/image\/\",\"url\":\"https:\/\/victorybeauty2022.devmaster.ch\/wp-content\/uploads\/2022\/07\/logo-beauty.png\",\"contentUrl\":\"https:\/\/victorybeauty2022.devmaster.ch\/wp-content\/uploads\/2022\/07\/logo-beauty.png\",\"width\":194,\"height\":100,\"caption\":\"VICTORY BEAUTY\"},\"image\":{\"@id\":\"https:\/\/victorybeauty2022.devmaster.ch\/#\/schema\/logo\/image\/\"}}]}<\/script>\n<!-- \/ Yoast SEO plugin. -->","yoast_head_json":{"title":"Contacts us - Cellulite \u2022 Haarentfernung \u2022 Anti Aging \u2022 Z\u00fcrich \u2022 VICTORY BEAUTY","robots":{"index":"noindex","follow":"follow","max-snippet":"max-snippet:-1","max-image-preview":"max-image-preview:large","max-video-preview":"max-video-preview:-1"},"og_locale":"en_US","og_type":"article","og_title":"Contacts us - Cellulite \u2022 Haarentfernung \u2022 Anti Aging \u2022 Z\u00fcrich \u2022 VICTORY BEAUTY","og_description":"Kontakt Victory Beauty Lounge Seidengasse 18 8001 Z\u00fcrich Telefon: +41 (0)43 243 90 09 E-Mail: info@victorybeauty.ch \u00d6ffnungszeiten: Montag bis Dienstag 09:00 Uhr bis 20:30 Mittwoch 09:00 Uhr bis 18:30 Uhr Donnerstag bis Freitag 09:00 Uhr bis 20:30 Uhr Samstag 09:00 Uhr bis 16:00 Uhr Sonntag Geschlossen","og_url":"https:\/\/victorybeauty2022.devmaster.ch\/?page_id=152","og_site_name":"Cellulite \u2022 Haarentfernung \u2022 Anti Aging \u2022 Z\u00fcrich \u2022 VICTORY BEAUTY","article_modified_time":"2023-01-31T15:53:35+00:00","twitter_card":"summary_large_image","twitter_misc":{"Est. reading time":"1 minute"},"schema":{"@context":"https:\/\/schema.org","@graph":[{"@type":"WebPage","@id":"https:\/\/victorybeauty2022.devmaster.ch\/?page_id=152","url":"https:\/\/victorybeauty2022.devmaster.ch\/?page_id=152","name":"Contacts us - Cellulite \u2022 Haarentfernung \u2022 Anti Aging \u2022 Z\u00fcrich \u2022 VICTORY BEAUTY","isPartOf":{"@id":"https:\/\/victorybeauty2022.devmaster.ch\/#website"},"datePublished":"2022-07-21T21:38:02+00:00","dateModified":"2023-01-31T15:53:35+00:00","breadcrumb":{"@id":"https:\/\/victorybeauty2022.devmaster.ch\/?page_id=152#breadcrumb"},"inLanguage":"en-US","potentialAction":[{"@type":"ReadAction","target":["https:\/\/victorybeauty2022.devmaster.ch\/?page_id=152"]}]},{"@type":"BreadcrumbList","@id":"https:\/\/victorybeauty2022.devmaster.ch\/?page_id=152#breadcrumb","itemListElement":[{"@type":"ListItem","position":1,"name":"Home","item":"https:\/\/victorybeauty2022.devmaster.ch\/"},{"@type":"ListItem","position":2,"name":"Contacts us"}]},{"@type":"WebSite","@id":"https:\/\/victorybeauty2022.devmaster.ch\/#website","url":"https:\/\/victorybeauty2022.devmaster.ch\/","name":"Cellulite \u2022 Haarentfernung \u2022 Anti Aging \u2022 Z\u00fcrich \u2022 VICTORY BEAUTY","description":"Cellulite, Haarentfernung dauerhaft ist die Spezialit\u00e4t von VICTORY BEAUTY in Z\u00fcrich. Wir biete Behandlung f\u00fcr Haut-Probleme Falten, Aknes, Pickel und sind pezialisiert auf dauerhafte Haarentfernung. Als Fachpraxis f\u00fcr medizinische Kosmetik kennen wir uns aus mit den verschiedensten Methoden.","publisher":{"@id":"https:\/\/victorybeauty2022.devmaster.ch\/#organization"},"potentialAction":[{"@type":"SearchAction","target":{"@type":"EntryPoint","urlTemplate":"https:\/\/victorybeauty2022.devmaster.ch\/?s={search_term_string}"},"query-input":"required name=search_term_string"}],"inLanguage":"en-US"},{"@type":"Organization","@id":"https:\/\/victorybeauty2022.devmaster.ch\/#organization","name":"VICTORY BEAUTY","url":"https:\/\/victorybeauty2022.devmaster.ch\/","logo":{"@type":"ImageObject","inLanguage":"en-US","@id":"https:\/\/victorybeauty2022.devmaster.ch\/#\/schema\/logo\/image\/","url":"https:\/\/victorybeauty2022.devmaster.ch\/wp-content\/uploads\/2022\/07\/logo-beauty.png","contentUrl":"https:\/\/victorybeauty2022.devmaster.ch\/wp-content\/uploads\/2022\/07\/logo-beauty.png","width":194,"height":100,"caption":"VICTORY BEAUTY"},"image":{"@id":"https:\/\/victorybeauty2022.devmaster.ch\/#\/schema\/logo\/image\/"}}]}},"_links":{"self":[{"href":"https:\/\/victorybeauty2022.devmaster.ch\/index.php?rest_route=\/wp\/v2\/pages\/152"}],"collection":[{"href":"https:\/\/victorybeauty2022.devmaster.ch\/index.php?rest_route=\/wp\/v2\/pages"}],"about":[{"href":"https:\/\/victorybeauty2022.devmaster.ch\/index.php?rest_route=\/wp\/v2\/types\/page"}],"author":[{"embeddable":true,"href":"https:\/\/victorybeauty2022.devmaster.ch\/index.php?rest_route=\/wp\/v2\/users\/1"}],"replies":[{"embeddable":true,"href":"https:\/\/victorybeauty2022.devmaster.ch\/index.php?rest_route=%2Fwp%2Fv2%2Fcomments&post=152"}],"version-history":[{"count":51,"href":"https:\/\/victorybeauty2022.devmaster.ch\/index.php?rest_route=\/wp\/v2\/pages\/152\/revisions"}],"predecessor-version":[{"id":561,"href":"https:\/\/victorybeauty2022.devmaster.ch\/index.php?rest_route=\/wp\/v2\/pages\/152\/revisions\/561"}],"wp:attachment":[{"href":"https:\/\/victorybeauty2022.devmaster.ch\/index.php?rest_route=%2Fwp%2Fv2%2Fmedia&parent=152"}],"curies":[{"name":"wp","href":"https:\/\/api.w.org\/{rel}","templated":true}]}}