{"id":154,"date":"2022-07-21T21:38:18","date_gmt":"2022-07-21T21:38:18","guid":{"rendered":"https:\/\/victorybeauty2022.devmaster.ch\/?page_id=154"},"modified":"2024-07-31T15:05:38","modified_gmt":"2024-07-31T15:05:38","slug":"about-us","status":"publish","type":"page","link":"https:\/\/victorybeauty2022.devmaster.ch\/?page_id=154","title":{"rendered":"About us"},"content":{"rendered":"\t\t<div data-elementor-type=\"wp-page\" data-elementor-id=\"154\" class=\"elementor elementor-154\">\n\t\t\t\t\t\t\t\t\t<section class=\"elementor-section elementor-top-section elementor-element elementor-element-0219565 elementor-section-boxed elementor-section-height-default elementor-section-height-default\" data-id=\"0219565\" data-element_type=\"section\">\n\t\t\t\t\t\t<div class=\"elementor-container elementor-column-gap-default\">\n\t\t\t\t\t<div class=\"elementor-column elementor-col-100 elementor-top-column elementor-element elementor-element-065c408\" data-id=\"065c408\" data-element_type=\"column\">\n\t\t\t<div class=\"elementor-widget-wrap elementor-element-populated\">\n\t\t\t\t\t\t\t\t<div class=\"elementor-element elementor-element-b76320f elementor-widget elementor-widget-heading\" data-id=\"b76320f\" data-element_type=\"widget\" data-widget_type=\"heading.default\">\n\t\t\t\t<div class=\"elementor-widget-container\">\n\t\t\t<h2 class=\"elementor-heading-title elementor-size-default\">\u00dcber uns<\/h2>\t\t<\/div>\n\t\t\t\t<\/div>\n\t\t\t\t<div class=\"elementor-element elementor-element-c8dab51 elementor-widget__width-initial elementor-widget elementor-widget-heading\" data-id=\"c8dab51\" data-element_type=\"widget\" data-widget_type=\"heading.default\">\n\t\t\t\t<div class=\"elementor-widget-container\">\n\t\t\t<h2 class=\"elementor-heading-title elementor-size-default\">Frau Jordi, Sie sind brasilianisch-schweizerische Doppelb\u00fcrgerin. Erkl\u00e4ren Sie  uns, weshalb Brasilien so f\u00fchrend ist bei der K\u00f6rper\u00e4sthetik?<\/h2>\t\t<\/div>\n\t\t\t\t<\/div>\n\t\t\t\t<div class=\"elementor-element elementor-element-b52855f elementor-widget__width-inherit elementor-widget elementor-widget-text-editor\" data-id=\"b52855f\" data-element_type=\"widget\" data-widget_type=\"text-editor.default\">\n\t\t\t\t<div class=\"elementor-widget-container\">\n\t\t\t\t\t\t\t<p>Mehr als die H\u00e4lfte der 190 Millionen Brasilianer leben in Strandn\u00e4he oder am Strand &#8211; und der ist in Brasilien \u00fcber 8000 km lang. Nehmen Sie all die Orte, an denen sich das soziale Leben haupts\u00e4chlich im Freien abspielt: Rio mit seinen weltber\u00fchmten Str\u00e4nden Copa Cabana und Ipanema ist nur eine von \u00fcber zwanzig St\u00e4dten, wo man sich tags\u00fcber oder abends bei Temperaturen von \u00fcber 30\u00b0 doch eher leicht bekleidet zeigt. Man tr\u00e4gt seinen K\u00f6rper, seine Haut zur Schau. Da ist die Mode zwar wichtig, aber sie ist immer Accessoire zu einem perfekten K\u00f6rper.<\/p>\t\t\t\t\t\t<\/div>\n\t\t\t\t<\/div>\n\t\t\t\t\t<\/div>\n\t\t<\/div>\n\t\t\t\t\t\t\t<\/div>\n\t\t<\/section>\n\t\t\t\t<section class=\"elementor-section elementor-top-section elementor-element elementor-element-40c960e elementor-section-boxed elementor-section-height-default elementor-section-height-default\" data-id=\"40c960e\" data-element_type=\"section\" data-settings=\"{&quot;background_background&quot;:&quot;classic&quot;}\">\n\t\t\t\t\t\t<div class=\"elementor-container elementor-column-gap-default\">\n\t\t\t\t\t<div class=\"elementor-column elementor-col-100 elementor-top-column elementor-element elementor-element-8ed095f\" data-id=\"8ed095f\" data-element_type=\"column\">\n\t\t\t<div class=\"elementor-widget-wrap elementor-element-populated\">\n\t\t\t\t\t\t\t\t<div class=\"elementor-element elementor-element-7d6156d elementor-widget__width-initial elementor-widget elementor-widget-heading\" data-id=\"7d6156d\" data-element_type=\"widget\" data-widget_type=\"heading.default\">\n\t\t\t\t<div class=\"elementor-widget-container\">\n\t\t\t<h2 class=\"elementor-heading-title elementor-size-default\">Wie steht es in Brasilien um die Ausbildung?<\/h2>\t\t<\/div>\n\t\t\t\t<\/div>\n\t\t\t\t<div class=\"elementor-element elementor-element-0435459 elementor-widget__width-inherit elementor-widget elementor-widget-text-editor\" data-id=\"0435459\" data-element_type=\"widget\" data-widget_type=\"text-editor.default\">\n\t\t\t\t<div class=\"elementor-widget-container\">\n\t\t\t\t\t\t\t<p>Sch\u00f6nheit, K\u00f6rperkultur und \u00c4sthetik haben in Brasilien eine lange Tradition. Oft fr\u00fcher als in Europa werden hier modernsten Behandlungsmethoden entwickelt und eingesetzt. Die Sch\u00f6nheitschirurgie im heutigen Sinne ist gewissermassen eine brasilianische Erfindung.<em>\u00a0Ivo Pitanguy<\/em>, der in der Nachkriegszeit in Amerika und Frankreich Operationstechniken f\u00fcr Kriegsversehrten studiert hatte, verfeinerte diese Methoden in Rio de Janeiro zu einer neuen Fachrichtung. Unter seiner Professur bildete sich eine bedeutende Gruppe an Nachwuchskr\u00e4ften, die ihrerseits ihr Fachwissen im ganzen Land und international verbreiteten. Auch auf der zweiten Stufe bildete sich eine breite Schicht gut ausgebildeter Spitzenkr\u00e4fte. Der Werdegang von Fachpersonal erfolgt in Brasilien \u00fcber zahlreiche Fachkurse auf allen Stufen.<\/p>\t\t\t\t\t\t<\/div>\n\t\t\t\t<\/div>\n\t\t\t\t\t<\/div>\n\t\t<\/div>\n\t\t\t\t\t\t\t<\/div>\n\t\t<\/section>\n\t\t\t\t<section class=\"elementor-section elementor-top-section elementor-element elementor-element-e72fd3a elementor-section-boxed elementor-section-height-default elementor-section-height-default\" data-id=\"e72fd3a\" data-element_type=\"section\">\n\t\t\t\t\t\t<div class=\"elementor-container elementor-column-gap-default\">\n\t\t\t\t\t<div class=\"elementor-column elementor-col-100 elementor-top-column elementor-element elementor-element-4034955\" data-id=\"4034955\" data-element_type=\"column\">\n\t\t\t<div class=\"elementor-widget-wrap elementor-element-populated\">\n\t\t\t\t\t\t\t\t<div class=\"elementor-element elementor-element-f1e99db elementor-widget__width-initial elementor-widget elementor-widget-heading\" data-id=\"f1e99db\" data-element_type=\"widget\" data-widget_type=\"heading.default\">\n\t\t\t\t<div class=\"elementor-widget-container\">\n\t\t\t<h2 class=\"elementor-heading-title elementor-size-default\">Wie zeigt sich die Fachkunde von Ivo Pitanguy bei Ihnen?<\/h2>\t\t<\/div>\n\t\t\t\t<\/div>\n\t\t\t\t<div class=\"elementor-element elementor-element-be0bb84 elementor-widget__width-inherit elementor-widget elementor-widget-text-editor\" data-id=\"be0bb84\" data-element_type=\"widget\" data-widget_type=\"text-editor.default\">\n\t\t\t\t<div class=\"elementor-widget-container\">\n\t\t\t\t\t\t\t<p>Wir verwenden in der Tat zahlreiche Produkte der Linie Clinica Ivo Pitanguy in unseren Behandlungen und sind der wichtigste Verkaufspunkt in der Schweiz. Da spielt der Nationalstolz schon ein bisschen mit. Aber die Produkte von Clinica Ivo Pitangui wirken und \u00fcberzeugen.<br \/><br \/>Wir sind \u00fcbrigens auch Referenzpunkt f\u00fcr andere Produke und Hersteller, beispielsweise f\u00fcr VelaShape II.<\/p>\t\t\t\t\t\t<\/div>\n\t\t\t\t<\/div>\n\t\t\t\t\t<\/div>\n\t\t<\/div>\n\t\t\t\t\t\t\t<\/div>\n\t\t<\/section>\n\t\t\t\t<section class=\"elementor-section elementor-top-section elementor-element elementor-element-1127059 elementor-section-boxed elementor-section-height-default elementor-section-height-default\" data-id=\"1127059\" data-element_type=\"section\" data-settings=\"{&quot;background_background&quot;:&quot;classic&quot;}\">\n\t\t\t\t\t\t<div class=\"elementor-container elementor-column-gap-default\">\n\t\t\t\t\t<div class=\"elementor-column elementor-col-100 elementor-top-column elementor-element elementor-element-f7ea2bf\" data-id=\"f7ea2bf\" data-element_type=\"column\">\n\t\t\t<div class=\"elementor-widget-wrap elementor-element-populated\">\n\t\t\t\t\t\t\t\t<div class=\"elementor-element elementor-element-ba3096b elementor-widget__width-initial elementor-widget elementor-widget-heading\" data-id=\"ba3096b\" data-element_type=\"widget\" data-widget_type=\"heading.default\">\n\t\t\t\t<div class=\"elementor-widget-container\">\n\t\t\t<h2 class=\"elementor-heading-title elementor-size-default\">Wie kann man den Stellenwert der K\u00f6rperkultur in Brasilien messen?<\/h2>\t\t<\/div>\n\t\t\t\t<\/div>\n\t\t\t\t<div class=\"elementor-element elementor-element-dbf49d2 elementor-widget__width-inherit elementor-widget elementor-widget-text-editor\" data-id=\"dbf49d2\" data-element_type=\"widget\" data-widget_type=\"text-editor.default\">\n\t\t\t\t<div class=\"elementor-widget-container\">\n\t\t\t\t\t\t\t<p>Brasilien hat weltweit den h\u00f6chsten Pro-Kopf-Konsum an Kosmetika. Insbesondere Haar- und K\u00f6rperpflegeprodukte nehmen in brasilianischen Superm\u00e4rkten sehr viel mehr Raum ein als irgendwo sonst auf der Welt. K\u00f6rperschmuck und K\u00f6rperpflege sind sehr volkst\u00fcmliche Freizeitbesch\u00e4ftigungen in Brasilien. Bereits Dreij\u00e4hrige \u00fcben sich im Lackieren von Fingern\u00e4geln &#8211; anderswo eine Angewohnheit, die oft erst mit der Pubert\u00e4t eintritt.<\/p><p>Doch die brasilianische Sch\u00f6nheitsindustrie kennt noch eine andere, wesentliche Besonderheit: Die starke Rassenmischung des Landes mit negroiden, indianischen, europ\u00e4ischen und &#8211; jawohl &#8211; auch asiatischen Haut- und Haartypen und unz\u00e4hligen Mischformen fordern die kosmetische Industrie wie auch die Behandlungsspezialisten zu Kreationen und Anwendungen heraus, die man anderswo nicht kennt. Brasilien ist auch auf diesem Sektor sehr sch\u00f6pferisch.<\/p>\t\t\t\t\t\t<\/div>\n\t\t\t\t<\/div>\n\t\t\t\t\t<\/div>\n\t\t<\/div>\n\t\t\t\t\t\t\t<\/div>\n\t\t<\/section>\n\t\t\t\t<section class=\"elementor-section elementor-top-section elementor-element elementor-element-0bcd1bf elementor-section-boxed elementor-section-height-default elementor-section-height-default\" data-id=\"0bcd1bf\" data-element_type=\"section\">\n\t\t\t\t\t\t<div class=\"elementor-container elementor-column-gap-default\">\n\t\t\t\t\t<div class=\"elementor-column elementor-col-100 elementor-top-column elementor-element elementor-element-b79b941\" data-id=\"b79b941\" data-element_type=\"column\">\n\t\t\t<div class=\"elementor-widget-wrap elementor-element-populated\">\n\t\t\t\t\t\t\t\t<div class=\"elementor-element elementor-element-3931df0 elementor-widget__width-initial elementor-widget elementor-widget-heading\" data-id=\"3931df0\" data-element_type=\"widget\" data-widget_type=\"heading.default\">\n\t\t\t\t<div class=\"elementor-widget-container\">\n\t\t\t<h2 class=\"elementor-heading-title elementor-size-default\">Welche Methoden werden bei Ihnen eingesetzt?<\/h2>\t\t<\/div>\n\t\t\t\t<\/div>\n\t\t\t\t<div class=\"elementor-element elementor-element-869eb61 elementor-widget__width-inherit elementor-widget elementor-widget-text-editor\" data-id=\"869eb61\" data-element_type=\"widget\" data-widget_type=\"text-editor.default\">\n\t\t\t\t<div class=\"elementor-widget-container\">\n\t\t\t\t\t\t\t<p>Wir legen bei uns sehr viel Wert auf Ganzheitlichkeit. Oft ist die Grundeinstellung der Person von ausschlaggebender Bedeutung. Eine Behandlung bei uns soll in entspannter Atmosph\u00e4re durchgef\u00fchrt werden k\u00f6nnen. Der K\u00f6rper ist gewissermassen der Spiegel der Seele. Mit unserer Umgebung und dem Umgang mit unseren Kunden beeinflussen wir gezielt und nachhaltig das Wohlbefinden und die Ausgeglichenheit. Auch die Ern\u00e4hrung spielt eine grosse Rolle. Sie finden deshalb bei uns und auf dieser Website viele wichtige Hinweise, wie Sie \u00fcber Essen und Sport Ihr Aussehen steuern k\u00f6nnen.<br \/><br \/>Zur Entspannung haben wir deshalb auch einen kleinen Wellnessbereich mit Jaccuzzi-Bad eingerichtet. Die Hydromassage f\u00f6rdert die Blutzirkulation und regt die Haut an.<\/p><p>Bei der definiten Haarentfernung haben wir zwei Methoden: F\u00fcr den dunklen Hauttyp, die typischen &#8220;Morenas&#8221;, empfehlen wir die Lasermethode, f\u00fcr den blonden Hauttyp mit empfindlicher Pigmentierung empfehlen wir eine Oberfl\u00e4chenbehandlung.<\/p>\t\t\t\t\t\t<\/div>\n\t\t\t\t<\/div>\n\t\t\t\t\t<\/div>\n\t\t<\/div>\n\t\t\t\t\t\t\t<\/div>\n\t\t<\/section>\n\t\t\t\t\t\t\t<\/div>\n\t\t","protected":false},"excerpt":{"rendered":"<p>\u00dcber uns Frau Jordi, Sie sind brasilianisch-schweizerische Doppelb\u00fcrgerin. Erkl\u00e4ren Sie uns, weshalb Brasilien so f\u00fchrend ist bei der K\u00f6rper\u00e4sthetik? Mehr als die H\u00e4lfte der 190 Millionen Brasilianer leben in Strandn\u00e4he oder am Strand &#8211; und der ist in Brasilien \u00fcber 8000 km lang. Nehmen Sie all die Orte, an denen sich das soziale Leben haupts\u00e4chlich [&hellip;]<\/p>\n","protected":false},"author":1,"featured_media":0,"parent":0,"menu_order":0,"comment_status":"closed","ping_status":"closed","template":"","meta":[],"yoast_head":"<!-- This site is optimized with the Yoast SEO plugin v20.8 - https:\/\/yoast.com\/wordpress\/plugins\/seo\/ -->\n<title>About us - Cellulite \u2022 Haarentfernung \u2022 Anti Aging \u2022 Z\u00fcrich \u2022 VICTORY BEAUTY<\/title>\n<meta name=\"robots\" content=\"noindex, follow, max-snippet:-1, max-image-preview:large, max-video-preview:-1\" \/>\n<meta property=\"og:locale\" content=\"en_US\" \/>\n<meta property=\"og:type\" content=\"article\" \/>\n<meta property=\"og:title\" content=\"About us - Cellulite \u2022 Haarentfernung \u2022 Anti Aging \u2022 Z\u00fcrich \u2022 VICTORY BEAUTY\" \/>\n<meta property=\"og:description\" content=\"\u00dcber uns Frau Jordi, Sie sind brasilianisch-schweizerische Doppelb\u00fcrgerin. Erkl\u00e4ren Sie uns, weshalb Brasilien so f\u00fchrend ist bei der K\u00f6rper\u00e4sthetik? Mehr als die H\u00e4lfte der 190 Millionen Brasilianer leben in Strandn\u00e4he oder am Strand &#8211; und der ist in Brasilien \u00fcber 8000 km lang. Nehmen Sie all die Orte, an denen sich das soziale Leben haupts\u00e4chlich [&hellip;]\" \/>\n<meta property=\"og:url\" content=\"https:\/\/victorybeauty2022.devmaster.ch\/?page_id=154\" \/>\n<meta property=\"og:site_name\" content=\"Cellulite \u2022 Haarentfernung \u2022 Anti Aging \u2022 Z\u00fcrich \u2022 VICTORY BEAUTY\" \/>\n<meta property=\"article:modified_time\" content=\"2024-07-31T15:05:38+00:00\" \/>\n<meta name=\"twitter:card\" content=\"summary_large_image\" \/>\n<meta name=\"twitter:label1\" content=\"Est. reading time\" \/>\n\t<meta name=\"twitter:data1\" content=\"3 minutes\" \/>\n<script type=\"application\/ld+json\" class=\"yoast-schema-graph\">{\"@context\":\"https:\/\/schema.org\",\"@graph\":[{\"@type\":\"WebPage\",\"@id\":\"https:\/\/victorybeauty2022.devmaster.ch\/?page_id=154\",\"url\":\"https:\/\/victorybeauty2022.devmaster.ch\/?page_id=154\",\"name\":\"About us - Cellulite \u2022 Haarentfernung \u2022 Anti Aging \u2022 Z\u00fcrich \u2022 VICTORY BEAUTY\",\"isPartOf\":{\"@id\":\"https:\/\/victorybeauty2022.devmaster.ch\/#website\"},\"datePublished\":\"2022-07-21T21:38:18+00:00\",\"dateModified\":\"2024-07-31T15:05:38+00:00\",\"breadcrumb\":{\"@id\":\"https:\/\/victorybeauty2022.devmaster.ch\/?page_id=154#breadcrumb\"},\"inLanguage\":\"en-US\",\"potentialAction\":[{\"@type\":\"ReadAction\",\"target\":[\"https:\/\/victorybeauty2022.devmaster.ch\/?page_id=154\"]}]},{\"@type\":\"BreadcrumbList\",\"@id\":\"https:\/\/victorybeauty2022.devmaster.ch\/?page_id=154#breadcrumb\",\"itemListElement\":[{\"@type\":\"ListItem\",\"position\":1,\"name\":\"Home\",\"item\":\"https:\/\/victorybeauty2022.devmaster.ch\/\"},{\"@type\":\"ListItem\",\"position\":2,\"name\":\"About us\"}]},{\"@type\":\"WebSite\",\"@id\":\"https:\/\/victorybeauty2022.devmaster.ch\/#website\",\"url\":\"https:\/\/victorybeauty2022.devmaster.ch\/\",\"name\":\"Cellulite \u2022 Haarentfernung \u2022 Anti Aging \u2022 Z\u00fcrich \u2022 VICTORY BEAUTY\",\"description\":\"Cellulite, Haarentfernung dauerhaft ist die Spezialit\u00e4t von VICTORY BEAUTY in Z\u00fcrich. Wir biete Behandlung f\u00fcr Haut-Probleme Falten, Aknes, Pickel und sind pezialisiert auf dauerhafte Haarentfernung. Als Fachpraxis f\u00fcr medizinische Kosmetik kennen wir uns aus mit den verschiedensten Methoden.\",\"publisher\":{\"@id\":\"https:\/\/victorybeauty2022.devmaster.ch\/#organization\"},\"potentialAction\":[{\"@type\":\"SearchAction\",\"target\":{\"@type\":\"EntryPoint\",\"urlTemplate\":\"https:\/\/victorybeauty2022.devmaster.ch\/?s={search_term_string}\"},\"query-input\":\"required name=search_term_string\"}],\"inLanguage\":\"en-US\"},{\"@type\":\"Organization\",\"@id\":\"https:\/\/victorybeauty2022.devmaster.ch\/#organization\",\"name\":\"VICTORY BEAUTY\",\"url\":\"https:\/\/victorybeauty2022.devmaster.ch\/\",\"logo\":{\"@type\":\"ImageObject\",\"inLanguage\":\"en-US\",\"@id\":\"https:\/\/victorybeauty2022.devmaster.ch\/#\/schema\/logo\/image\/\",\"url\":\"https:\/\/victorybeauty2022.devmaster.ch\/wp-content\/uploads\/2022\/07\/logo-beauty.png\",\"contentUrl\":\"https:\/\/victorybeauty2022.devmaster.ch\/wp-content\/uploads\/2022\/07\/logo-beauty.png\",\"width\":194,\"height\":100,\"caption\":\"VICTORY BEAUTY\"},\"image\":{\"@id\":\"https:\/\/victorybeauty2022.devmaster.ch\/#\/schema\/logo\/image\/\"}}]}<\/script>\n<!-- \/ Yoast SEO plugin. -->","yoast_head_json":{"title":"About us - Cellulite \u2022 Haarentfernung \u2022 Anti Aging \u2022 Z\u00fcrich \u2022 VICTORY BEAUTY","robots":{"index":"noindex","follow":"follow","max-snippet":"max-snippet:-1","max-image-preview":"max-image-preview:large","max-video-preview":"max-video-preview:-1"},"og_locale":"en_US","og_type":"article","og_title":"About us - Cellulite \u2022 Haarentfernung \u2022 Anti Aging \u2022 Z\u00fcrich \u2022 VICTORY BEAUTY","og_description":"\u00dcber uns Frau Jordi, Sie sind brasilianisch-schweizerische Doppelb\u00fcrgerin. Erkl\u00e4ren Sie uns, weshalb Brasilien so f\u00fchrend ist bei der K\u00f6rper\u00e4sthetik? Mehr als die H\u00e4lfte der 190 Millionen Brasilianer leben in Strandn\u00e4he oder am Strand &#8211; und der ist in Brasilien \u00fcber 8000 km lang. Nehmen Sie all die Orte, an denen sich das soziale Leben haupts\u00e4chlich [&hellip;]","og_url":"https:\/\/victorybeauty2022.devmaster.ch\/?page_id=154","og_site_name":"Cellulite \u2022 Haarentfernung \u2022 Anti Aging \u2022 Z\u00fcrich \u2022 VICTORY BEAUTY","article_modified_time":"2024-07-31T15:05:38+00:00","twitter_card":"summary_large_image","twitter_misc":{"Est. reading time":"3 minutes"},"schema":{"@context":"https:\/\/schema.org","@graph":[{"@type":"WebPage","@id":"https:\/\/victorybeauty2022.devmaster.ch\/?page_id=154","url":"https:\/\/victorybeauty2022.devmaster.ch\/?page_id=154","name":"About us - Cellulite \u2022 Haarentfernung \u2022 Anti Aging \u2022 Z\u00fcrich \u2022 VICTORY BEAUTY","isPartOf":{"@id":"https:\/\/victorybeauty2022.devmaster.ch\/#website"},"datePublished":"2022-07-21T21:38:18+00:00","dateModified":"2024-07-31T15:05:38+00:00","breadcrumb":{"@id":"https:\/\/victorybeauty2022.devmaster.ch\/?page_id=154#breadcrumb"},"inLanguage":"en-US","potentialAction":[{"@type":"ReadAction","target":["https:\/\/victorybeauty2022.devmaster.ch\/?page_id=154"]}]},{"@type":"BreadcrumbList","@id":"https:\/\/victorybeauty2022.devmaster.ch\/?page_id=154#breadcrumb","itemListElement":[{"@type":"ListItem","position":1,"name":"Home","item":"https:\/\/victorybeauty2022.devmaster.ch\/"},{"@type":"ListItem","position":2,"name":"About us"}]},{"@type":"WebSite","@id":"https:\/\/victorybeauty2022.devmaster.ch\/#website","url":"https:\/\/victorybeauty2022.devmaster.ch\/","name":"Cellulite \u2022 Haarentfernung \u2022 Anti Aging \u2022 Z\u00fcrich \u2022 VICTORY BEAUTY","description":"Cellulite, Haarentfernung dauerhaft ist die Spezialit\u00e4t von VICTORY BEAUTY in Z\u00fcrich. Wir biete Behandlung f\u00fcr Haut-Probleme Falten, Aknes, Pickel und sind pezialisiert auf dauerhafte Haarentfernung. Als Fachpraxis f\u00fcr medizinische Kosmetik kennen wir uns aus mit den verschiedensten Methoden.","publisher":{"@id":"https:\/\/victorybeauty2022.devmaster.ch\/#organization"},"potentialAction":[{"@type":"SearchAction","target":{"@type":"EntryPoint","urlTemplate":"https:\/\/victorybeauty2022.devmaster.ch\/?s={search_term_string}"},"query-input":"required name=search_term_string"}],"inLanguage":"en-US"},{"@type":"Organization","@id":"https:\/\/victorybeauty2022.devmaster.ch\/#organization","name":"VICTORY BEAUTY","url":"https:\/\/victorybeauty2022.devmaster.ch\/","logo":{"@type":"ImageObject","inLanguage":"en-US","@id":"https:\/\/victorybeauty2022.devmaster.ch\/#\/schema\/logo\/image\/","url":"https:\/\/victorybeauty2022.devmaster.ch\/wp-content\/uploads\/2022\/07\/logo-beauty.png","contentUrl":"https:\/\/victorybeauty2022.devmaster.ch\/wp-content\/uploads\/2022\/07\/logo-beauty.png","width":194,"height":100,"caption":"VICTORY BEAUTY"},"image":{"@id":"https:\/\/victorybeauty2022.devmaster.ch\/#\/schema\/logo\/image\/"}}]}},"_links":{"self":[{"href":"https:\/\/victorybeauty2022.devmaster.ch\/index.php?rest_route=\/wp\/v2\/pages\/154"}],"collection":[{"href":"https:\/\/victorybeauty2022.devmaster.ch\/index.php?rest_route=\/wp\/v2\/pages"}],"about":[{"href":"https:\/\/victorybeauty2022.devmaster.ch\/index.php?rest_route=\/wp\/v2\/types\/page"}],"author":[{"embeddable":true,"href":"https:\/\/victorybeauty2022.devmaster.ch\/index.php?rest_route=\/wp\/v2\/users\/1"}],"replies":[{"embeddable":true,"href":"https:\/\/victorybeauty2022.devmaster.ch\/index.php?rest_route=%2Fwp%2Fv2%2Fcomments&post=154"}],"version-history":[{"count":19,"href":"https:\/\/victorybeauty2022.devmaster.ch\/index.php?rest_route=\/wp\/v2\/pages\/154\/revisions"}],"predecessor-version":[{"id":708,"href":"https:\/\/victorybeauty2022.devmaster.ch\/index.php?rest_route=\/wp\/v2\/pages\/154\/revisions\/708"}],"wp:attachment":[{"href":"https:\/\/victorybeauty2022.devmaster.ch\/index.php?rest_route=%2Fwp%2Fv2%2Fmedia&parent=154"}],"curies":[{"name":"wp","href":"https:\/\/api.w.org\/{rel}","templated":true}]}}