{"id":700,"date":"2024-07-31T14:59:50","date_gmt":"2024-07-31T14:59:50","guid":{"rendered":"https:\/\/victorybeauty2022.devmaster.ch\/?page_id=700"},"modified":"2024-07-31T16:03:52","modified_gmt":"2024-07-31T16:03:52","slug":"cellulite","status":"publish","type":"page","link":"https:\/\/victorybeauty2022.devmaster.ch\/?page_id=700","title":{"rendered":"Cellulite"},"content":{"rendered":"\t\t<div data-elementor-type=\"wp-page\" data-elementor-id=\"700\" class=\"elementor elementor-700\">\n\t\t\t\t\t\t\t\t\t<section class=\"elementor-section elementor-top-section elementor-element elementor-element-d1d933b elementor-section-boxed elementor-section-height-default elementor-section-height-default\" data-id=\"d1d933b\" data-element_type=\"section\">\n\t\t\t\t\t\t<div class=\"elementor-container elementor-column-gap-default\">\n\t\t\t\t\t<div class=\"elementor-column elementor-col-100 elementor-top-column elementor-element elementor-element-dad5954\" data-id=\"dad5954\" data-element_type=\"column\">\n\t\t\t<div class=\"elementor-widget-wrap elementor-element-populated\">\n\t\t\t\t\t\t\t\t<div class=\"elementor-element elementor-element-cb6dec6 elementor-widget elementor-widget-heading\" data-id=\"cb6dec6\" data-element_type=\"widget\" data-widget_type=\"heading.default\">\n\t\t\t\t<div class=\"elementor-widget-container\">\n\t\t\t<h2 class=\"elementor-heading-title elementor-size-default\">Cellulite<\/h2>\t\t<\/div>\n\t\t\t\t<\/div>\n\t\t\t\t\t<\/div>\n\t\t<\/div>\n\t\t\t\t\t\t\t<\/div>\n\t\t<\/section>\n\t\t\t\t<section class=\"elementor-section elementor-top-section elementor-element elementor-element-948f441 elementor-section-boxed elementor-section-height-default elementor-section-height-default\" data-id=\"948f441\" data-element_type=\"section\">\n\t\t\t\t\t\t<div class=\"elementor-container elementor-column-gap-default\">\n\t\t\t\t\t<div class=\"elementor-column elementor-col-50 elementor-top-column elementor-element elementor-element-dcda915\" data-id=\"dcda915\" data-element_type=\"column\">\n\t\t\t<div class=\"elementor-widget-wrap elementor-element-populated\">\n\t\t\t\t\t\t\t\t<div class=\"elementor-element elementor-element-b01b33d elementor-widget elementor-widget-heading\" data-id=\"b01b33d\" data-element_type=\"widget\" data-widget_type=\"heading.default\">\n\t\t\t\t<div class=\"elementor-widget-container\">\n\t\t\t<h2 class=\"elementor-heading-title elementor-size-default\">Cellulite:\nWie entsteht die Cellulite?<\/h2>\t\t<\/div>\n\t\t\t\t<\/div>\n\t\t\t\t<div class=\"elementor-element elementor-element-84c3524 elementor-widget elementor-widget-text-editor\" data-id=\"84c3524\" data-element_type=\"widget\" data-widget_type=\"text-editor.default\">\n\t\t\t\t<div class=\"elementor-widget-container\">\n\t\t\t\t\t\t\t<p>Die Cellulite ist \u2013 geben wir es unumwunden zu \u2013 eine Alterserscheinung. Die Bildung von Cellulite beginnt vor allem im mittleren Alter, wobei ung\u00fcnstige genetische Voraussetzungen schon im Jugendalter oder nach Schwangerschaften Orangenhaut entstehen l\u00e4sst. Es handelt sich um eine St\u00f6rung des Bindehautgewebes, welches unsere Organe st\u00fctzt und h\u00e4lt.<\/p>\n<p>Dieses Zwischenzellgewebe umh\u00fcllt die einzelnen Organe in ihrer Umgebung. Das Bindegewebe gibt unserem K\u00f6rper Halt und Form und wiegt einem Erwachsenen um die 13 Kilogramm.<\/p>\t\t\t\t\t\t<\/div>\n\t\t\t\t<\/div>\n\t\t\t\t\t<\/div>\n\t\t<\/div>\n\t\t\t\t<div class=\"elementor-column elementor-col-50 elementor-top-column elementor-element elementor-element-ae39771\" data-id=\"ae39771\" data-element_type=\"column\">\n\t\t\t<div class=\"elementor-widget-wrap elementor-element-populated\">\n\t\t\t\t\t\t\t\t<div class=\"elementor-element elementor-element-66af5c2 elementor-widget elementor-widget-image\" data-id=\"66af5c2\" data-element_type=\"widget\" data-widget_type=\"image.default\">\n\t\t\t\t<div class=\"elementor-widget-container\">\n\t\t\t\t\t\t\t\t\t\t\t\t\t\t\t<img decoding=\"async\" width=\"310\" height=\"153\" src=\"https:\/\/victorybeauty2022.devmaster.ch\/wp-content\/uploads\/2024\/07\/orangenhaut.png\" class=\"attachment-large size-large wp-image-712\" alt=\"\" loading=\"lazy\" srcset=\"https:\/\/victorybeauty2022.devmaster.ch\/wp-content\/uploads\/2024\/07\/orangenhaut.png 310w, https:\/\/victorybeauty2022.devmaster.ch\/wp-content\/uploads\/2024\/07\/orangenhaut-300x148.png 300w\" sizes=\"(max-width: 310px) 100vw, 310px\" \/>\t\t\t\t\t\t\t\t\t\t\t\t\t\t\t<\/div>\n\t\t\t\t<\/div>\n\t\t\t\t\t<\/div>\n\t\t<\/div>\n\t\t\t\t\t\t\t<\/div>\n\t\t<\/section>\n\t\t\t\t<section class=\"elementor-section elementor-top-section elementor-element elementor-element-e931e56 elementor-section-boxed elementor-section-height-default elementor-section-height-default\" data-id=\"e931e56\" data-element_type=\"section\" data-settings=\"{&quot;background_background&quot;:&quot;classic&quot;}\">\n\t\t\t\t\t\t<div class=\"elementor-container elementor-column-gap-default\">\n\t\t\t\t\t<div class=\"elementor-column elementor-col-50 elementor-top-column elementor-element elementor-element-4692726\" data-id=\"4692726\" data-element_type=\"column\">\n\t\t\t<div class=\"elementor-widget-wrap elementor-element-populated\">\n\t\t\t\t\t\t\t\t<div class=\"elementor-element elementor-element-b958a8d elementor-widget elementor-widget-image\" data-id=\"b958a8d\" data-element_type=\"widget\" data-widget_type=\"image.default\">\n\t\t\t\t<div class=\"elementor-widget-container\">\n\t\t\t\t\t\t\t\t\t\t\t\t\t\t\t<img decoding=\"async\" width=\"310\" height=\"130\" src=\"https:\/\/victorybeauty2022.devmaster.ch\/wp-content\/uploads\/2024\/07\/cellulitis_quer01.png\" class=\"attachment-large size-large wp-image-713\" alt=\"\" loading=\"lazy\" srcset=\"https:\/\/victorybeauty2022.devmaster.ch\/wp-content\/uploads\/2024\/07\/cellulitis_quer01.png 310w, https:\/\/victorybeauty2022.devmaster.ch\/wp-content\/uploads\/2024\/07\/cellulitis_quer01-300x126.png 300w\" sizes=\"(max-width: 310px) 100vw, 310px\" \/>\t\t\t\t\t\t\t\t\t\t\t\t\t\t\t<\/div>\n\t\t\t\t<\/div>\n\t\t\t\t\t<\/div>\n\t\t<\/div>\n\t\t\t\t<div class=\"elementor-column elementor-col-50 elementor-top-column elementor-element elementor-element-c1f7a0e\" data-id=\"c1f7a0e\" data-element_type=\"column\">\n\t\t\t<div class=\"elementor-widget-wrap elementor-element-populated\">\n\t\t\t\t\t\t\t\t<div class=\"elementor-element elementor-element-e1d9019 elementor-widget elementor-widget-heading\" data-id=\"e1d9019\" data-element_type=\"widget\" data-widget_type=\"heading.default\">\n\t\t\t\t<div class=\"elementor-widget-container\">\n\t\t\t<h2 class=\"elementor-heading-title elementor-size-default\">Die Ursache von Cellulite<\/h2>\t\t<\/div>\n\t\t\t\t<\/div>\n\t\t\t\t<div class=\"elementor-element elementor-element-90e9cd6 elementor-widget elementor-widget-text-editor\" data-id=\"90e9cd6\" data-element_type=\"widget\" data-widget_type=\"text-editor.default\">\n\t\t\t\t<div class=\"elementor-widget-container\">\n\t\t\t\t\t\t\t<p>Grunds\u00e4tzlich hat das Bindehautgewebe bei Frauen eine andere Struktur als bei M\u00e4nnern. So liegen die Kollagenfasern und Fettzellen bei Frauen parallel nebeneinander. Bei M\u00e4nnern hingegen sind sie netzartig miteinander verwoben. Damit wird das Problem bei Frauen offensichtlich: Die \u00fcberdimensionierten Fettzellen zw\u00e4ngen sich zwischen den Kollagenfasern hindurch an die Oberhaut: So entsteht die Orangenhaut, mit ihrer Blumenkohl-\u00e4hnlicher noppigen Oberfl\u00e4chenstruktur.<\/p>\t\t\t\t\t\t<\/div>\n\t\t\t\t<\/div>\n\t\t\t\t\t<\/div>\n\t\t<\/div>\n\t\t\t\t\t\t\t<\/div>\n\t\t<\/section>\n\t\t\t\t<section class=\"elementor-section elementor-top-section elementor-element elementor-element-d693fd8 elementor-section-boxed elementor-section-height-default elementor-section-height-default\" data-id=\"d693fd8\" data-element_type=\"section\">\n\t\t\t\t\t\t<div class=\"elementor-container elementor-column-gap-default\">\n\t\t\t\t\t<div class=\"elementor-column elementor-col-50 elementor-top-column elementor-element elementor-element-82f0cfd\" data-id=\"82f0cfd\" data-element_type=\"column\">\n\t\t\t<div class=\"elementor-widget-wrap elementor-element-populated\">\n\t\t\t\t\t\t\t\t<div class=\"elementor-element elementor-element-ba6885d elementor-widget elementor-widget-heading\" data-id=\"ba6885d\" data-element_type=\"widget\" data-widget_type=\"heading.default\">\n\t\t\t\t<div class=\"elementor-widget-container\">\n\t\t\t<h2 class=\"elementor-heading-title elementor-size-default\">Cellulite als Resultat des gest\u00f6rten Stoffwechsels<\/h2>\t\t<\/div>\n\t\t\t\t<\/div>\n\t\t\t\t<div class=\"elementor-element elementor-element-ccf40fe elementor-widget elementor-widget-text-editor\" data-id=\"ccf40fe\" data-element_type=\"widget\" data-widget_type=\"text-editor.default\">\n\t\t\t\t<div class=\"elementor-widget-container\">\n\t\t\t\t\t\t\t<p>Wie alle K\u00f6rperzellen unterliegen die Bindehautzellen einem steten Stoffwechsel. Die Zellen werden konstant mit N\u00e4hrstoffen versorgt, welche \u00fcber die Blutbahn transportiert werden m\u00fcssen. Auch die Stoffwechselendprodukte der Zellen \u2013 die man allgemein als \u201eSchlacke\u201c bezeichnet &#8211; m\u00fcssen letztlich wieder abtransportiert werden. Bleiben diese Abfallprodukte in den Bindehautzellen zur\u00fcck, so entstehen h\u00e4ssliche W\u00f6lbungen. Durch die permanent anfallenden Stoffwechselschlacken beginnt das Bindegewebe irgendwann f\u00f6rmlich zu verstopfen. Die W\u00e4nde der Fettzellen in der Bindehaut werden lasch, in den taschen\u00e4hnlichen Kammern der Fettzellen staut sich die Fl\u00fcssigkeit. So entsteht die Cellulite \u2013 die Orangenhaut.<\/p>\t\t\t\t\t\t<\/div>\n\t\t\t\t<\/div>\n\t\t\t\t\t<\/div>\n\t\t<\/div>\n\t\t\t\t<div class=\"elementor-column elementor-col-50 elementor-top-column elementor-element elementor-element-160726c\" data-id=\"160726c\" data-element_type=\"column\">\n\t\t\t<div class=\"elementor-widget-wrap elementor-element-populated\">\n\t\t\t\t\t\t\t\t<div class=\"elementor-element elementor-element-23b0bbf elementor-widget elementor-widget-image\" data-id=\"23b0bbf\" data-element_type=\"widget\" data-widget_type=\"image.default\">\n\t\t\t\t<div class=\"elementor-widget-container\">\n\t\t\t\t\t\t\t\t\t\t\t\t\t\t\t<img decoding=\"async\" width=\"310\" height=\"177\" src=\"https:\/\/victorybeauty2022.devmaster.ch\/wp-content\/uploads\/2024\/07\/cellulitis_top.png\" class=\"attachment-large size-large wp-image-727\" alt=\"\" loading=\"lazy\" srcset=\"https:\/\/victorybeauty2022.devmaster.ch\/wp-content\/uploads\/2024\/07\/cellulitis_top.png 310w, https:\/\/victorybeauty2022.devmaster.ch\/wp-content\/uploads\/2024\/07\/cellulitis_top-300x171.png 300w\" sizes=\"(max-width: 310px) 100vw, 310px\" \/>\t\t\t\t\t\t\t\t\t\t\t\t\t\t\t<\/div>\n\t\t\t\t<\/div>\n\t\t\t\t\t<\/div>\n\t\t<\/div>\n\t\t\t\t\t\t\t<\/div>\n\t\t<\/section>\n\t\t\t\t<section class=\"elementor-section elementor-top-section elementor-element elementor-element-9031d15 elementor-section-boxed elementor-section-height-default elementor-section-height-default\" data-id=\"9031d15\" data-element_type=\"section\" data-settings=\"{&quot;background_background&quot;:&quot;classic&quot;}\">\n\t\t\t\t\t\t<div class=\"elementor-container elementor-column-gap-default\">\n\t\t\t\t\t<div class=\"elementor-column elementor-col-50 elementor-top-column elementor-element elementor-element-c23fc4c\" data-id=\"c23fc4c\" data-element_type=\"column\">\n\t\t\t<div class=\"elementor-widget-wrap elementor-element-populated\">\n\t\t\t\t\t\t\t\t<div class=\"elementor-element elementor-element-b1ec4fc elementor-widget elementor-widget-image\" data-id=\"b1ec4fc\" data-element_type=\"widget\" data-widget_type=\"image.default\">\n\t\t\t\t<div class=\"elementor-widget-container\">\n\t\t\t\t\t\t\t\t\t\t\t\t\t\t\t<img decoding=\"async\" width=\"303\" height=\"224\" src=\"https:\/\/victorybeauty2022.devmaster.ch\/wp-content\/uploads\/2024\/07\/orangenhauterkennen-e1722440096195.png\" class=\"attachment-large size-large wp-image-728\" alt=\"\" loading=\"lazy\" srcset=\"https:\/\/victorybeauty2022.devmaster.ch\/wp-content\/uploads\/2024\/07\/orangenhauterkennen-e1722440096195.png 303w, https:\/\/victorybeauty2022.devmaster.ch\/wp-content\/uploads\/2024\/07\/orangenhauterkennen-e1722440096195-300x222.png 300w\" sizes=\"(max-width: 303px) 100vw, 303px\" \/>\t\t\t\t\t\t\t\t\t\t\t\t\t\t\t<\/div>\n\t\t\t\t<\/div>\n\t\t\t\t\t<\/div>\n\t\t<\/div>\n\t\t\t\t<div class=\"elementor-column elementor-col-50 elementor-top-column elementor-element elementor-element-78b70a1\" data-id=\"78b70a1\" data-element_type=\"column\">\n\t\t\t<div class=\"elementor-widget-wrap elementor-element-populated\">\n\t\t\t\t\t\t\t\t<div class=\"elementor-element elementor-element-564c133 elementor-widget elementor-widget-heading\" data-id=\"564c133\" data-element_type=\"widget\" data-widget_type=\"heading.default\">\n\t\t\t\t<div class=\"elementor-widget-container\">\n\t\t\t<h2 class=\"elementor-heading-title elementor-size-default\">Wie erkennt man Ans\u00e4tze von Cellulitis?<\/h2>\t\t<\/div>\n\t\t\t\t<\/div>\n\t\t\t\t<div class=\"elementor-element elementor-element-6539569 elementor-widget elementor-widget-text-editor\" data-id=\"6539569\" data-element_type=\"widget\" data-widget_type=\"text-editor.default\">\n\t\t\t\t<div class=\"elementor-widget-container\">\n\t\t\t\t\t\t\t<p>Am besten erkennt man das Anfangsstadium einer sich bildenden Orangenhaut bei seitlichem Licht. Schieben Sie die vermuteten Stellen mit beiden H\u00e4nden zusammen. Lassen sich dabei erste Dellen erkennen, so sind diese untr\u00fcgbare Zeichen einer einsetzenden Cellulitis. \u00fcberdimensionierten Fettzellen zw\u00e4ngen sich zwischen den Kollagenfasern hindurch an die Oberhaut: So entsteht die Orangenhaut, mit ihrer Blumenkohl-\u00e4hnlicher noppigen Oberfl\u00e4chenstruktur.<\/p>\t\t\t\t\t\t<\/div>\n\t\t\t\t<\/div>\n\t\t\t\t\t<\/div>\n\t\t<\/div>\n\t\t\t\t\t\t\t<\/div>\n\t\t<\/section>\n\t\t\t\t<section class=\"elementor-section elementor-top-section elementor-element elementor-element-b3656ed elementor-section-boxed elementor-section-height-default elementor-section-height-default\" data-id=\"b3656ed\" data-element_type=\"section\">\n\t\t\t\t\t\t<div class=\"elementor-container elementor-column-gap-default\">\n\t\t\t\t\t<div class=\"elementor-column elementor-col-50 elementor-top-column elementor-element elementor-element-d950f72\" data-id=\"d950f72\" data-element_type=\"column\">\n\t\t\t<div class=\"elementor-widget-wrap elementor-element-populated\">\n\t\t\t\t\t\t\t\t<div class=\"elementor-element elementor-element-e2a76b1 elementor-widget elementor-widget-heading\" data-id=\"e2a76b1\" data-element_type=\"widget\" data-widget_type=\"heading.default\">\n\t\t\t\t<div class=\"elementor-widget-container\">\n\t\t\t<h2 class=\"elementor-heading-title elementor-size-default\">Die Cellulite-Behandlung durch Victory-Beauty. VelaSmooth Methode<\/h2>\t\t<\/div>\n\t\t\t\t<\/div>\n\t\t\t\t<div class=\"elementor-element elementor-element-f62d919 elementor-widget elementor-widget-text-editor\" data-id=\"f62d919\" data-element_type=\"widget\" data-widget_type=\"text-editor.default\">\n\t\t\t\t<div class=\"elementor-widget-container\">\n\t\t\t\t\t\t\t<p>In unserer Behandlung von Cellulitis setzen wir stark auf die Methode von VelaSmooth.\u00a0Beachten Sie dabei unsere Flash-Pr\u00e4sentation\u00a0. Darin sehen Sie die Tiefenwirkung der Lichtbehandlung.<\/p>\t\t\t\t\t\t<\/div>\n\t\t\t\t<\/div>\n\t\t\t\t<div class=\"elementor-element elementor-element-ed1e69f elementor-widget elementor-widget-button\" data-id=\"ed1e69f\" data-element_type=\"widget\" data-widget_type=\"button.default\">\n\t\t\t\t<div class=\"elementor-widget-container\">\n\t\t\t\t\t<div class=\"elementor-button-wrapper\">\n\t\t\t<a href=\"#\" class=\"elementor-button-link elementor-button elementor-size-sm\" role=\"button\">\n\t\t\t\t\t\t<span class=\"elementor-button-content-wrapper\">\n\t\t\t\t\t\t<span class=\"elementor-button-text\">Kontaktieren Sie uns<\/span>\n\t\t<\/span>\n\t\t\t\t\t<\/a>\n\t\t<\/div>\n\t\t\t\t<\/div>\n\t\t\t\t<\/div>\n\t\t\t\t\t<\/div>\n\t\t<\/div>\n\t\t\t\t<div class=\"elementor-column elementor-col-50 elementor-top-column elementor-element elementor-element-93aa831\" data-id=\"93aa831\" data-element_type=\"column\">\n\t\t\t<div class=\"elementor-widget-wrap elementor-element-populated\">\n\t\t\t\t\t\t\t\t<div class=\"elementor-element elementor-element-ffb08d0 elementor-widget elementor-widget-image\" data-id=\"ffb08d0\" data-element_type=\"widget\" data-widget_type=\"image.default\">\n\t\t\t\t<div class=\"elementor-widget-container\">\n\t\t\t\t\t\t\t\t\t\t\t\t\t\t\t<img decoding=\"async\" width=\"310\" height=\"218\" src=\"https:\/\/victorybeauty2022.devmaster.ch\/wp-content\/uploads\/2024\/07\/Orangehaut_behandlung01.png\" class=\"attachment-large size-large wp-image-714\" alt=\"\" loading=\"lazy\" srcset=\"https:\/\/victorybeauty2022.devmaster.ch\/wp-content\/uploads\/2024\/07\/Orangehaut_behandlung01.png 310w, https:\/\/victorybeauty2022.devmaster.ch\/wp-content\/uploads\/2024\/07\/Orangehaut_behandlung01-300x211.png 300w\" sizes=\"(max-width: 310px) 100vw, 310px\" \/>\t\t\t\t\t\t\t\t\t\t\t\t\t\t\t<\/div>\n\t\t\t\t<\/div>\n\t\t\t\t\t<\/div>\n\t\t<\/div>\n\t\t\t\t\t\t\t<\/div>\n\t\t<\/section>\n\t\t\t\t\t\t\t<\/div>\n\t\t","protected":false},"excerpt":{"rendered":"<p>Cellulite Cellulite: Wie entsteht die Cellulite? Die Cellulite ist \u2013 geben wir es unumwunden zu \u2013 eine Alterserscheinung. Die Bildung von Cellulite beginnt vor allem im mittleren Alter, wobei ung\u00fcnstige genetische Voraussetzungen schon im Jugendalter oder nach Schwangerschaften Orangenhaut entstehen l\u00e4sst. Es handelt sich um eine St\u00f6rung des Bindehautgewebes, welches unsere Organe st\u00fctzt und h\u00e4lt. [&hellip;]<\/p>\n","protected":false},"author":1,"featured_media":0,"parent":0,"menu_order":0,"comment_status":"closed","ping_status":"closed","template":"","meta":[],"yoast_head":"<!-- This site is optimized with the Yoast SEO plugin v20.8 - https:\/\/yoast.com\/wordpress\/plugins\/seo\/ -->\n<title>Cellulite - Cellulite \u2022 Haarentfernung \u2022 Anti Aging \u2022 Z\u00fcrich \u2022 VICTORY BEAUTY<\/title>\n<meta name=\"robots\" content=\"noindex, follow, max-snippet:-1, max-image-preview:large, max-video-preview:-1\" \/>\n<meta property=\"og:locale\" content=\"en_US\" \/>\n<meta property=\"og:type\" content=\"article\" \/>\n<meta property=\"og:title\" content=\"Cellulite - Cellulite \u2022 Haarentfernung \u2022 Anti Aging \u2022 Z\u00fcrich \u2022 VICTORY BEAUTY\" \/>\n<meta property=\"og:description\" content=\"Cellulite Cellulite: Wie entsteht die Cellulite? Die Cellulite ist \u2013 geben wir es unumwunden zu \u2013 eine Alterserscheinung. Die Bildung von Cellulite beginnt vor allem im mittleren Alter, wobei ung\u00fcnstige genetische Voraussetzungen schon im Jugendalter oder nach Schwangerschaften Orangenhaut entstehen l\u00e4sst. Es handelt sich um eine St\u00f6rung des Bindehautgewebes, welches unsere Organe st\u00fctzt und h\u00e4lt. [&hellip;]\" \/>\n<meta property=\"og:url\" content=\"https:\/\/victorybeauty2022.devmaster.ch\/?page_id=700\" \/>\n<meta property=\"og:site_name\" content=\"Cellulite \u2022 Haarentfernung \u2022 Anti Aging \u2022 Z\u00fcrich \u2022 VICTORY BEAUTY\" \/>\n<meta property=\"article:modified_time\" content=\"2024-07-31T16:03:52+00:00\" \/>\n<meta property=\"og:image\" content=\"https:\/\/victorybeauty2022.devmaster.ch\/wp-content\/uploads\/2024\/07\/orangenhaut.png\" \/>\n<meta name=\"twitter:card\" content=\"summary_large_image\" \/>\n<meta name=\"twitter:label1\" content=\"Est. reading time\" \/>\n\t<meta name=\"twitter:data1\" content=\"3 minutes\" \/>\n<script type=\"application\/ld+json\" class=\"yoast-schema-graph\">{\"@context\":\"https:\/\/schema.org\",\"@graph\":[{\"@type\":\"WebPage\",\"@id\":\"https:\/\/victorybeauty2022.devmaster.ch\/?page_id=700\",\"url\":\"https:\/\/victorybeauty2022.devmaster.ch\/?page_id=700\",\"name\":\"Cellulite - Cellulite \u2022 Haarentfernung \u2022 Anti Aging \u2022 Z\u00fcrich \u2022 VICTORY BEAUTY\",\"isPartOf\":{\"@id\":\"https:\/\/victorybeauty2022.devmaster.ch\/#website\"},\"datePublished\":\"2024-07-31T14:59:50+00:00\",\"dateModified\":\"2024-07-31T16:03:52+00:00\",\"breadcrumb\":{\"@id\":\"https:\/\/victorybeauty2022.devmaster.ch\/?page_id=700#breadcrumb\"},\"inLanguage\":\"en-US\",\"potentialAction\":[{\"@type\":\"ReadAction\",\"target\":[\"https:\/\/victorybeauty2022.devmaster.ch\/?page_id=700\"]}]},{\"@type\":\"BreadcrumbList\",\"@id\":\"https:\/\/victorybeauty2022.devmaster.ch\/?page_id=700#breadcrumb\",\"itemListElement\":[{\"@type\":\"ListItem\",\"position\":1,\"name\":\"Home\",\"item\":\"https:\/\/victorybeauty2022.devmaster.ch\/\"},{\"@type\":\"ListItem\",\"position\":2,\"name\":\"Cellulite\"}]},{\"@type\":\"WebSite\",\"@id\":\"https:\/\/victorybeauty2022.devmaster.ch\/#website\",\"url\":\"https:\/\/victorybeauty2022.devmaster.ch\/\",\"name\":\"Cellulite \u2022 Haarentfernung \u2022 Anti Aging \u2022 Z\u00fcrich \u2022 VICTORY BEAUTY\",\"description\":\"Cellulite, Haarentfernung dauerhaft ist die Spezialit\u00e4t von VICTORY BEAUTY in Z\u00fcrich. Wir biete Behandlung f\u00fcr Haut-Probleme Falten, Aknes, Pickel und sind pezialisiert auf dauerhafte Haarentfernung. Als Fachpraxis f\u00fcr medizinische Kosmetik kennen wir uns aus mit den verschiedensten Methoden.\",\"publisher\":{\"@id\":\"https:\/\/victorybeauty2022.devmaster.ch\/#organization\"},\"potentialAction\":[{\"@type\":\"SearchAction\",\"target\":{\"@type\":\"EntryPoint\",\"urlTemplate\":\"https:\/\/victorybeauty2022.devmaster.ch\/?s={search_term_string}\"},\"query-input\":\"required name=search_term_string\"}],\"inLanguage\":\"en-US\"},{\"@type\":\"Organization\",\"@id\":\"https:\/\/victorybeauty2022.devmaster.ch\/#organization\",\"name\":\"VICTORY BEAUTY\",\"url\":\"https:\/\/victorybeauty2022.devmaster.ch\/\",\"logo\":{\"@type\":\"ImageObject\",\"inLanguage\":\"en-US\",\"@id\":\"https:\/\/victorybeauty2022.devmaster.ch\/#\/schema\/logo\/image\/\",\"url\":\"https:\/\/victorybeauty2022.devmaster.ch\/wp-content\/uploads\/2022\/07\/logo-beauty.png\",\"contentUrl\":\"https:\/\/victorybeauty2022.devmaster.ch\/wp-content\/uploads\/2022\/07\/logo-beauty.png\",\"width\":194,\"height\":100,\"caption\":\"VICTORY BEAUTY\"},\"image\":{\"@id\":\"https:\/\/victorybeauty2022.devmaster.ch\/#\/schema\/logo\/image\/\"}}]}<\/script>\n<!-- \/ Yoast SEO plugin. -->","yoast_head_json":{"title":"Cellulite - Cellulite \u2022 Haarentfernung \u2022 Anti Aging \u2022 Z\u00fcrich \u2022 VICTORY BEAUTY","robots":{"index":"noindex","follow":"follow","max-snippet":"max-snippet:-1","max-image-preview":"max-image-preview:large","max-video-preview":"max-video-preview:-1"},"og_locale":"en_US","og_type":"article","og_title":"Cellulite - Cellulite \u2022 Haarentfernung \u2022 Anti Aging \u2022 Z\u00fcrich \u2022 VICTORY BEAUTY","og_description":"Cellulite Cellulite: Wie entsteht die Cellulite? Die Cellulite ist \u2013 geben wir es unumwunden zu \u2013 eine Alterserscheinung. Die Bildung von Cellulite beginnt vor allem im mittleren Alter, wobei ung\u00fcnstige genetische Voraussetzungen schon im Jugendalter oder nach Schwangerschaften Orangenhaut entstehen l\u00e4sst. Es handelt sich um eine St\u00f6rung des Bindehautgewebes, welches unsere Organe st\u00fctzt und h\u00e4lt. [&hellip;]","og_url":"https:\/\/victorybeauty2022.devmaster.ch\/?page_id=700","og_site_name":"Cellulite \u2022 Haarentfernung \u2022 Anti Aging \u2022 Z\u00fcrich \u2022 VICTORY BEAUTY","article_modified_time":"2024-07-31T16:03:52+00:00","og_image":[{"url":"https:\/\/victorybeauty2022.devmaster.ch\/wp-content\/uploads\/2024\/07\/orangenhaut.png"}],"twitter_card":"summary_large_image","twitter_misc":{"Est. reading time":"3 minutes"},"schema":{"@context":"https:\/\/schema.org","@graph":[{"@type":"WebPage","@id":"https:\/\/victorybeauty2022.devmaster.ch\/?page_id=700","url":"https:\/\/victorybeauty2022.devmaster.ch\/?page_id=700","name":"Cellulite - Cellulite \u2022 Haarentfernung \u2022 Anti Aging \u2022 Z\u00fcrich \u2022 VICTORY BEAUTY","isPartOf":{"@id":"https:\/\/victorybeauty2022.devmaster.ch\/#website"},"datePublished":"2024-07-31T14:59:50+00:00","dateModified":"2024-07-31T16:03:52+00:00","breadcrumb":{"@id":"https:\/\/victorybeauty2022.devmaster.ch\/?page_id=700#breadcrumb"},"inLanguage":"en-US","potentialAction":[{"@type":"ReadAction","target":["https:\/\/victorybeauty2022.devmaster.ch\/?page_id=700"]}]},{"@type":"BreadcrumbList","@id":"https:\/\/victorybeauty2022.devmaster.ch\/?page_id=700#breadcrumb","itemListElement":[{"@type":"ListItem","position":1,"name":"Home","item":"https:\/\/victorybeauty2022.devmaster.ch\/"},{"@type":"ListItem","position":2,"name":"Cellulite"}]},{"@type":"WebSite","@id":"https:\/\/victorybeauty2022.devmaster.ch\/#website","url":"https:\/\/victorybeauty2022.devmaster.ch\/","name":"Cellulite \u2022 Haarentfernung \u2022 Anti Aging \u2022 Z\u00fcrich \u2022 VICTORY BEAUTY","description":"Cellulite, Haarentfernung dauerhaft ist die Spezialit\u00e4t von VICTORY BEAUTY in Z\u00fcrich. Wir biete Behandlung f\u00fcr Haut-Probleme Falten, Aknes, Pickel und sind pezialisiert auf dauerhafte Haarentfernung. Als Fachpraxis f\u00fcr medizinische Kosmetik kennen wir uns aus mit den verschiedensten Methoden.","publisher":{"@id":"https:\/\/victorybeauty2022.devmaster.ch\/#organization"},"potentialAction":[{"@type":"SearchAction","target":{"@type":"EntryPoint","urlTemplate":"https:\/\/victorybeauty2022.devmaster.ch\/?s={search_term_string}"},"query-input":"required name=search_term_string"}],"inLanguage":"en-US"},{"@type":"Organization","@id":"https:\/\/victorybeauty2022.devmaster.ch\/#organization","name":"VICTORY BEAUTY","url":"https:\/\/victorybeauty2022.devmaster.ch\/","logo":{"@type":"ImageObject","inLanguage":"en-US","@id":"https:\/\/victorybeauty2022.devmaster.ch\/#\/schema\/logo\/image\/","url":"https:\/\/victorybeauty2022.devmaster.ch\/wp-content\/uploads\/2022\/07\/logo-beauty.png","contentUrl":"https:\/\/victorybeauty2022.devmaster.ch\/wp-content\/uploads\/2022\/07\/logo-beauty.png","width":194,"height":100,"caption":"VICTORY BEAUTY"},"image":{"@id":"https:\/\/victorybeauty2022.devmaster.ch\/#\/schema\/logo\/image\/"}}]}},"_links":{"self":[{"href":"https:\/\/victorybeauty2022.devmaster.ch\/index.php?rest_route=\/wp\/v2\/pages\/700"}],"collection":[{"href":"https:\/\/victorybeauty2022.devmaster.ch\/index.php?rest_route=\/wp\/v2\/pages"}],"about":[{"href":"https:\/\/victorybeauty2022.devmaster.ch\/index.php?rest_route=\/wp\/v2\/types\/page"}],"author":[{"embeddable":true,"href":"https:\/\/victorybeauty2022.devmaster.ch\/index.php?rest_route=\/wp\/v2\/users\/1"}],"replies":[{"embeddable":true,"href":"https:\/\/victorybeauty2022.devmaster.ch\/index.php?rest_route=%2Fwp%2Fv2%2Fcomments&post=700"}],"version-history":[{"count":26,"href":"https:\/\/victorybeauty2022.devmaster.ch\/index.php?rest_route=\/wp\/v2\/pages\/700\/revisions"}],"predecessor-version":[{"id":779,"href":"https:\/\/victorybeauty2022.devmaster.ch\/index.php?rest_route=\/wp\/v2\/pages\/700\/revisions\/779"}],"wp:attachment":[{"href":"https:\/\/victorybeauty2022.devmaster.ch\/index.php?rest_route=%2Fwp%2Fv2%2Fmedia&parent=700"}],"curies":[{"name":"wp","href":"https:\/\/api.w.org\/{rel}","templated":true}]}}