{"id":752,"date":"2024-07-31T15:46:06","date_gmt":"2024-07-31T15:46:06","guid":{"rendered":"https:\/\/victorybeauty2022.devmaster.ch\/?page_id=752"},"modified":"2024-07-31T15:56:48","modified_gmt":"2024-07-31T15:56:48","slug":"antiaging","status":"publish","type":"page","link":"https:\/\/victorybeauty2022.devmaster.ch\/?page_id=752","title":{"rendered":"Antiaging"},"content":{"rendered":"\t\t<div data-elementor-type=\"wp-page\" data-elementor-id=\"752\" class=\"elementor elementor-752\">\n\t\t\t\t\t\t\t\t\t<section class=\"elementor-section elementor-top-section elementor-element elementor-element-65eed45 elementor-section-boxed elementor-section-height-default elementor-section-height-default\" data-id=\"65eed45\" data-element_type=\"section\">\n\t\t\t\t\t\t<div class=\"elementor-container elementor-column-gap-default\">\n\t\t\t\t\t<div class=\"elementor-column elementor-col-100 elementor-top-column elementor-element elementor-element-8c2e26c\" data-id=\"8c2e26c\" data-element_type=\"column\">\n\t\t\t<div class=\"elementor-widget-wrap elementor-element-populated\">\n\t\t\t\t\t\t\t\t<div class=\"elementor-element elementor-element-f617949 elementor-widget elementor-widget-heading\" data-id=\"f617949\" data-element_type=\"widget\" data-widget_type=\"heading.default\">\n\t\t\t\t<div class=\"elementor-widget-container\">\n\t\t\t<h2 class=\"elementor-heading-title elementor-size-default\">Antiaging<\/h2>\t\t<\/div>\n\t\t\t\t<\/div>\n\t\t\t\t<div class=\"elementor-element elementor-element-dd1a9cb elementor-widget elementor-widget-text-editor\" data-id=\"dd1a9cb\" data-element_type=\"widget\" data-widget_type=\"text-editor.default\">\n\t\t\t\t<div class=\"elementor-widget-container\">\n\t\t\t\t\t\t\t<p>Jeder kennt das Ph\u00e4nomen des Alterns: Sp\u00e4testens ab 40 Jahren machen sich die Spuren des Alterns schleichend bemerkbar. Die Haut wirkt fahl und blass, die ersten Falten zeichnen sich aus. Die pralle Frische ist weg, vom Winde verweht ist die Jugendlichkeit. Die Lieder werden schlaff und als Folge der Hautalterung entstehen Augenringe. Noch schlimmer: die Gesichtsknochen treten hervor, da sich das Fettgewebe in den Augenliedern reduziert.<\/p>\t\t\t\t\t\t<\/div>\n\t\t\t\t<\/div>\n\t\t\t\t\t<\/div>\n\t\t<\/div>\n\t\t\t\t\t\t\t<\/div>\n\t\t<\/section>\n\t\t\t\t<section class=\"elementor-section elementor-top-section elementor-element elementor-element-b852fb7 elementor-section-boxed elementor-section-height-default elementor-section-height-default\" data-id=\"b852fb7\" data-element_type=\"section\" data-settings=\"{&quot;background_background&quot;:&quot;classic&quot;}\">\n\t\t\t\t\t\t<div class=\"elementor-container elementor-column-gap-default\">\n\t\t\t\t\t<div class=\"elementor-column elementor-col-100 elementor-top-column elementor-element elementor-element-6534b30\" data-id=\"6534b30\" data-element_type=\"column\">\n\t\t\t<div class=\"elementor-widget-wrap elementor-element-populated\">\n\t\t\t\t\t\t\t\t<div class=\"elementor-element elementor-element-3da58db elementor-widget elementor-widget-heading\" data-id=\"3da58db\" data-element_type=\"widget\" data-widget_type=\"heading.default\">\n\t\t\t\t<div class=\"elementor-widget-container\">\n\t\t\t<h2 class=\"elementor-heading-title elementor-size-default\">Anti-Aging mit System:\u00a0<\/h2>\t\t<\/div>\n\t\t\t\t<\/div>\n\t\t\t\t<div class=\"elementor-element elementor-element-59a1ad9 elementor-widget elementor-widget-text-editor\" data-id=\"59a1ad9\" data-element_type=\"widget\" data-widget_type=\"text-editor.default\">\n\t\t\t\t<div class=\"elementor-widget-container\">\n\t\t\t\t\t\t\t<p>So bleiben Sie jung bis ins hohe Alter: Haben Sie Lust auf eine glatte und junge Haut f\u00fcr lange Zeit? Entdecken Sie bei Victory Beauty die Behandlungen, die unverzichtbar sind, um die Effekte des Alterns zu verz\u00f6gern. Durch unsere Beratung und Behandlung sehen Sie in kurzer Zeit um Jahre j\u00fcnger aus.<\/p><p>Wir schlagen Ihnen eine ganze Reihe von Anti-Aging-Massnahmen vor. Viele Frauen wissen nicht, welche Pflege ihrer Gesichtshaut entspricht und was f\u00fcr Produkte sie benutzen sollen.<\/p><p>Suchen auch Sie nach der idealen L\u00f6sung um vorzeitiger Hautalterung entgegen zu wirken und fragen sich, ab welchem Alter Sie spezielle Anti-Aging-Produkte- und Behandlungen anwenden sollten? Unsere Pflege h\u00e4lt Sie f\u00fcr Jahre frisch, jung und begehrenswert.<\/p>\t\t\t\t\t\t<\/div>\n\t\t\t\t<\/div>\n\t\t\t\t\t<\/div>\n\t\t<\/div>\n\t\t\t\t\t\t\t<\/div>\n\t\t<\/section>\n\t\t\t\t<section class=\"elementor-section elementor-top-section elementor-element elementor-element-d1f7796 elementor-section-boxed elementor-section-height-default elementor-section-height-default\" data-id=\"d1f7796\" data-element_type=\"section\">\n\t\t\t\t\t\t<div class=\"elementor-container elementor-column-gap-default\">\n\t\t\t\t\t<div class=\"elementor-column elementor-col-50 elementor-top-column elementor-element elementor-element-66b750d\" data-id=\"66b750d\" data-element_type=\"column\">\n\t\t\t<div class=\"elementor-widget-wrap elementor-element-populated\">\n\t\t\t\t\t\t\t\t<div class=\"elementor-element elementor-element-c8c36d1 elementor-widget elementor-widget-heading\" data-id=\"c8c36d1\" data-element_type=\"widget\" data-widget_type=\"heading.default\">\n\t\t\t\t<div class=\"elementor-widget-container\">\n\t\t\t<h2 class=\"elementor-heading-title elementor-size-default\">Die besten Anti-Aging-Methoden bei uns<\/h2>\t\t<\/div>\n\t\t\t\t<\/div>\n\t\t\t\t<div class=\"elementor-element elementor-element-124f659 elementor-widget elementor-widget-text-editor\" data-id=\"124f659\" data-element_type=\"widget\" data-widget_type=\"text-editor.default\">\n\t\t\t\t<div class=\"elementor-widget-container\">\n\t\t\t\t\t\t\t<p>Unsere Behandlungsmethoden sind ganz auf Ihre pers\u00f6nliche Hautsituation zugeschnitten. je nach der Beschaffenheit Ihrer Haut setzen wir eine der folgenden oder eine Kombinationaus folgender Methoden ein:<\/p><ul><li>Methode Microdermabrasion mit Reviderm<\/li><li>IPL Behandlung<\/li><li>eMatrix Behandlung<\/li><li>Green Peel<\/li><li>Clinica Ivo Pitanguy &#8211; Produkte<\/li><\/ul>\t\t\t\t\t\t<\/div>\n\t\t\t\t<\/div>\n\t\t\t\t\t<\/div>\n\t\t<\/div>\n\t\t\t\t<div class=\"elementor-column elementor-col-50 elementor-top-column elementor-element elementor-element-8e0f33f\" data-id=\"8e0f33f\" data-element_type=\"column\">\n\t\t\t<div class=\"elementor-widget-wrap elementor-element-populated\">\n\t\t\t\t\t\t\t\t<div class=\"elementor-element elementor-element-69d8057 elementor-widget elementor-widget-heading\" data-id=\"69d8057\" data-element_type=\"widget\" data-widget_type=\"heading.default\">\n\t\t\t\t<div class=\"elementor-widget-container\">\n\t\t\t<h2 class=\"elementor-heading-title elementor-size-default\">Bei Green Peel<\/h2>\t\t<\/div>\n\t\t\t\t<\/div>\n\t\t\t\t<div class=\"elementor-element elementor-element-bf285a9 elementor-widget elementor-widget-text-editor\" data-id=\"bf285a9\" data-element_type=\"widget\" data-widget_type=\"text-editor.default\">\n\t\t\t\t<div class=\"elementor-widget-container\">\n\t\t\t\t\t\t\t<p>handelt sich um eine weltweit bew\u00e4hrte, biologische Methode zur Hautsch\u00e4lung auf rein nat\u00fcrlicher Basis. Green Peel entfernt die Unreinheiten oder die ungleichen Pigmente. Faltige Haut wird gegl\u00e4ttet und gestrafft<\/p>\t\t\t\t\t\t<\/div>\n\t\t\t\t<\/div>\n\t\t\t\t<div class=\"elementor-element elementor-element-f9d8765 elementor-widget elementor-widget-heading\" data-id=\"f9d8765\" data-element_type=\"widget\" data-widget_type=\"heading.default\">\n\t\t\t\t<div class=\"elementor-widget-container\">\n\t\t\t<h2 class=\"elementor-heading-title elementor-size-default\">Mit\u00a0Microabrasion von Reviderm<\/h2>\t\t<\/div>\n\t\t\t\t<\/div>\n\t\t\t\t<div class=\"elementor-element elementor-element-eade79c elementor-widget elementor-widget-text-editor\" data-id=\"eade79c\" data-element_type=\"widget\" data-widget_type=\"text-editor.default\">\n\t\t\t\t<div class=\"elementor-widget-container\">\n\t\t\t\t\t\t\t<p><span style=\"color: var( --e-global-color-2e048f8 ); font-family: var( --e-global-typography-0bc3933-font-family ), Sans-serif; font-size: var( --e-global-typography-0bc3933-font-size ); font-weight: var( --e-global-typography-0bc3933-font-weight ); letter-spacing: var( --e-global-typography-0bc3933-letter-spacing ); word-spacing: var( --e-global-typography-0bc3933-word-spacing );\">beseitige wir Hautunreinheiten wie Narben, muttermale und Pigmentst\u00f6rungen<\/span><\/p>\t\t\t\t\t\t<\/div>\n\t\t\t\t<\/div>\n\t\t\t\t<div class=\"elementor-element elementor-element-f7e48e0 elementor-widget elementor-widget-heading\" data-id=\"f7e48e0\" data-element_type=\"widget\" data-widget_type=\"heading.default\">\n\t\t\t\t<div class=\"elementor-widget-container\">\n\t\t\t<h2 class=\"elementor-heading-title elementor-size-default\">Die\u00a0Behandlung mit Tropicai<\/h2>\t\t<\/div>\n\t\t\t\t<\/div>\n\t\t\t\t<div class=\"elementor-element elementor-element-53a722d elementor-widget elementor-widget-text-editor\" data-id=\"53a722d\" data-element_type=\"widget\" data-widget_type=\"text-editor.default\">\n\t\t\t\t<div class=\"elementor-widget-container\">\n\t\t\t\t\t\t\t<p><span style=\"color: var( --e-global-color-2e048f8 ); font-family: var( --e-global-typography-0bc3933-font-family ), Sans-serif; font-size: var( --e-global-typography-0bc3933-font-size ); font-weight: var( --e-global-typography-0bc3933-font-weight ); letter-spacing: var( --e-global-typography-0bc3933-letter-spacing ); word-spacing: var( --e-global-typography-0bc3933-word-spacing );\">erlaubt eine porentiefe Straffung der Haut<\/span><\/p>\t\t\t\t\t\t<\/div>\n\t\t\t\t<\/div>\n\t\t\t\t\t<\/div>\n\t\t<\/div>\n\t\t\t\t\t\t\t<\/div>\n\t\t<\/section>\n\t\t\t\t\t\t\t<\/div>\n\t\t","protected":false},"excerpt":{"rendered":"<p>Antiaging Jeder kennt das Ph\u00e4nomen des Alterns: Sp\u00e4testens ab 40 Jahren machen sich die Spuren des Alterns schleichend bemerkbar. Die Haut wirkt fahl und blass, die ersten Falten zeichnen sich aus. Die pralle Frische ist weg, vom Winde verweht ist die Jugendlichkeit. Die Lieder werden schlaff und als Folge der Hautalterung entstehen Augenringe. Noch schlimmer: [&hellip;]<\/p>\n","protected":false},"author":1,"featured_media":0,"parent":0,"menu_order":0,"comment_status":"closed","ping_status":"closed","template":"","meta":[],"yoast_head":"<!-- This site is optimized with the Yoast SEO plugin v20.8 - https:\/\/yoast.com\/wordpress\/plugins\/seo\/ -->\n<title>Antiaging - Cellulite \u2022 Haarentfernung \u2022 Anti Aging \u2022 Z\u00fcrich \u2022 VICTORY BEAUTY<\/title>\n<meta name=\"robots\" content=\"noindex, follow, max-snippet:-1, max-image-preview:large, max-video-preview:-1\" \/>\n<meta property=\"og:locale\" content=\"en_US\" \/>\n<meta property=\"og:type\" content=\"article\" \/>\n<meta property=\"og:title\" content=\"Antiaging - Cellulite \u2022 Haarentfernung \u2022 Anti Aging \u2022 Z\u00fcrich \u2022 VICTORY BEAUTY\" \/>\n<meta property=\"og:description\" content=\"Antiaging Jeder kennt das Ph\u00e4nomen des Alterns: Sp\u00e4testens ab 40 Jahren machen sich die Spuren des Alterns schleichend bemerkbar. Die Haut wirkt fahl und blass, die ersten Falten zeichnen sich aus. Die pralle Frische ist weg, vom Winde verweht ist die Jugendlichkeit. Die Lieder werden schlaff und als Folge der Hautalterung entstehen Augenringe. Noch schlimmer: [&hellip;]\" \/>\n<meta property=\"og:url\" content=\"https:\/\/victorybeauty2022.devmaster.ch\/?page_id=752\" \/>\n<meta property=\"og:site_name\" content=\"Cellulite \u2022 Haarentfernung \u2022 Anti Aging \u2022 Z\u00fcrich \u2022 VICTORY BEAUTY\" \/>\n<meta property=\"article:modified_time\" content=\"2024-07-31T15:56:48+00:00\" \/>\n<meta name=\"twitter:card\" content=\"summary_large_image\" \/>\n<meta name=\"twitter:label1\" content=\"Est. reading time\" \/>\n\t<meta name=\"twitter:data1\" content=\"2 minutes\" \/>\n<script type=\"application\/ld+json\" class=\"yoast-schema-graph\">{\"@context\":\"https:\/\/schema.org\",\"@graph\":[{\"@type\":\"WebPage\",\"@id\":\"https:\/\/victorybeauty2022.devmaster.ch\/?page_id=752\",\"url\":\"https:\/\/victorybeauty2022.devmaster.ch\/?page_id=752\",\"name\":\"Antiaging - Cellulite \u2022 Haarentfernung \u2022 Anti Aging \u2022 Z\u00fcrich \u2022 VICTORY BEAUTY\",\"isPartOf\":{\"@id\":\"https:\/\/victorybeauty2022.devmaster.ch\/#website\"},\"datePublished\":\"2024-07-31T15:46:06+00:00\",\"dateModified\":\"2024-07-31T15:56:48+00:00\",\"breadcrumb\":{\"@id\":\"https:\/\/victorybeauty2022.devmaster.ch\/?page_id=752#breadcrumb\"},\"inLanguage\":\"en-US\",\"potentialAction\":[{\"@type\":\"ReadAction\",\"target\":[\"https:\/\/victorybeauty2022.devmaster.ch\/?page_id=752\"]}]},{\"@type\":\"BreadcrumbList\",\"@id\":\"https:\/\/victorybeauty2022.devmaster.ch\/?page_id=752#breadcrumb\",\"itemListElement\":[{\"@type\":\"ListItem\",\"position\":1,\"name\":\"Home\",\"item\":\"https:\/\/victorybeauty2022.devmaster.ch\/\"},{\"@type\":\"ListItem\",\"position\":2,\"name\":\"Antiaging\"}]},{\"@type\":\"WebSite\",\"@id\":\"https:\/\/victorybeauty2022.devmaster.ch\/#website\",\"url\":\"https:\/\/victorybeauty2022.devmaster.ch\/\",\"name\":\"Cellulite \u2022 Haarentfernung \u2022 Anti Aging \u2022 Z\u00fcrich \u2022 VICTORY BEAUTY\",\"description\":\"Cellulite, Haarentfernung dauerhaft ist die Spezialit\u00e4t von VICTORY BEAUTY in Z\u00fcrich. Wir biete Behandlung f\u00fcr Haut-Probleme Falten, Aknes, Pickel und sind pezialisiert auf dauerhafte Haarentfernung. Als Fachpraxis f\u00fcr medizinische Kosmetik kennen wir uns aus mit den verschiedensten Methoden.\",\"publisher\":{\"@id\":\"https:\/\/victorybeauty2022.devmaster.ch\/#organization\"},\"potentialAction\":[{\"@type\":\"SearchAction\",\"target\":{\"@type\":\"EntryPoint\",\"urlTemplate\":\"https:\/\/victorybeauty2022.devmaster.ch\/?s={search_term_string}\"},\"query-input\":\"required name=search_term_string\"}],\"inLanguage\":\"en-US\"},{\"@type\":\"Organization\",\"@id\":\"https:\/\/victorybeauty2022.devmaster.ch\/#organization\",\"name\":\"VICTORY BEAUTY\",\"url\":\"https:\/\/victorybeauty2022.devmaster.ch\/\",\"logo\":{\"@type\":\"ImageObject\",\"inLanguage\":\"en-US\",\"@id\":\"https:\/\/victorybeauty2022.devmaster.ch\/#\/schema\/logo\/image\/\",\"url\":\"https:\/\/victorybeauty2022.devmaster.ch\/wp-content\/uploads\/2022\/07\/logo-beauty.png\",\"contentUrl\":\"https:\/\/victorybeauty2022.devmaster.ch\/wp-content\/uploads\/2022\/07\/logo-beauty.png\",\"width\":194,\"height\":100,\"caption\":\"VICTORY BEAUTY\"},\"image\":{\"@id\":\"https:\/\/victorybeauty2022.devmaster.ch\/#\/schema\/logo\/image\/\"}}]}<\/script>\n<!-- \/ Yoast SEO plugin. -->","yoast_head_json":{"title":"Antiaging - Cellulite \u2022 Haarentfernung \u2022 Anti Aging \u2022 Z\u00fcrich \u2022 VICTORY BEAUTY","robots":{"index":"noindex","follow":"follow","max-snippet":"max-snippet:-1","max-image-preview":"max-image-preview:large","max-video-preview":"max-video-preview:-1"},"og_locale":"en_US","og_type":"article","og_title":"Antiaging - Cellulite \u2022 Haarentfernung \u2022 Anti Aging \u2022 Z\u00fcrich \u2022 VICTORY BEAUTY","og_description":"Antiaging Jeder kennt das Ph\u00e4nomen des Alterns: Sp\u00e4testens ab 40 Jahren machen sich die Spuren des Alterns schleichend bemerkbar. Die Haut wirkt fahl und blass, die ersten Falten zeichnen sich aus. Die pralle Frische ist weg, vom Winde verweht ist die Jugendlichkeit. Die Lieder werden schlaff und als Folge der Hautalterung entstehen Augenringe. Noch schlimmer: [&hellip;]","og_url":"https:\/\/victorybeauty2022.devmaster.ch\/?page_id=752","og_site_name":"Cellulite \u2022 Haarentfernung \u2022 Anti Aging \u2022 Z\u00fcrich \u2022 VICTORY BEAUTY","article_modified_time":"2024-07-31T15:56:48+00:00","twitter_card":"summary_large_image","twitter_misc":{"Est. reading time":"2 minutes"},"schema":{"@context":"https:\/\/schema.org","@graph":[{"@type":"WebPage","@id":"https:\/\/victorybeauty2022.devmaster.ch\/?page_id=752","url":"https:\/\/victorybeauty2022.devmaster.ch\/?page_id=752","name":"Antiaging - Cellulite \u2022 Haarentfernung \u2022 Anti Aging \u2022 Z\u00fcrich \u2022 VICTORY BEAUTY","isPartOf":{"@id":"https:\/\/victorybeauty2022.devmaster.ch\/#website"},"datePublished":"2024-07-31T15:46:06+00:00","dateModified":"2024-07-31T15:56:48+00:00","breadcrumb":{"@id":"https:\/\/victorybeauty2022.devmaster.ch\/?page_id=752#breadcrumb"},"inLanguage":"en-US","potentialAction":[{"@type":"ReadAction","target":["https:\/\/victorybeauty2022.devmaster.ch\/?page_id=752"]}]},{"@type":"BreadcrumbList","@id":"https:\/\/victorybeauty2022.devmaster.ch\/?page_id=752#breadcrumb","itemListElement":[{"@type":"ListItem","position":1,"name":"Home","item":"https:\/\/victorybeauty2022.devmaster.ch\/"},{"@type":"ListItem","position":2,"name":"Antiaging"}]},{"@type":"WebSite","@id":"https:\/\/victorybeauty2022.devmaster.ch\/#website","url":"https:\/\/victorybeauty2022.devmaster.ch\/","name":"Cellulite \u2022 Haarentfernung \u2022 Anti Aging \u2022 Z\u00fcrich \u2022 VICTORY BEAUTY","description":"Cellulite, Haarentfernung dauerhaft ist die Spezialit\u00e4t von VICTORY BEAUTY in Z\u00fcrich. Wir biete Behandlung f\u00fcr Haut-Probleme Falten, Aknes, Pickel und sind pezialisiert auf dauerhafte Haarentfernung. Als Fachpraxis f\u00fcr medizinische Kosmetik kennen wir uns aus mit den verschiedensten Methoden.","publisher":{"@id":"https:\/\/victorybeauty2022.devmaster.ch\/#organization"},"potentialAction":[{"@type":"SearchAction","target":{"@type":"EntryPoint","urlTemplate":"https:\/\/victorybeauty2022.devmaster.ch\/?s={search_term_string}"},"query-input":"required name=search_term_string"}],"inLanguage":"en-US"},{"@type":"Organization","@id":"https:\/\/victorybeauty2022.devmaster.ch\/#organization","name":"VICTORY BEAUTY","url":"https:\/\/victorybeauty2022.devmaster.ch\/","logo":{"@type":"ImageObject","inLanguage":"en-US","@id":"https:\/\/victorybeauty2022.devmaster.ch\/#\/schema\/logo\/image\/","url":"https:\/\/victorybeauty2022.devmaster.ch\/wp-content\/uploads\/2022\/07\/logo-beauty.png","contentUrl":"https:\/\/victorybeauty2022.devmaster.ch\/wp-content\/uploads\/2022\/07\/logo-beauty.png","width":194,"height":100,"caption":"VICTORY BEAUTY"},"image":{"@id":"https:\/\/victorybeauty2022.devmaster.ch\/#\/schema\/logo\/image\/"}}]}},"_links":{"self":[{"href":"https:\/\/victorybeauty2022.devmaster.ch\/index.php?rest_route=\/wp\/v2\/pages\/752"}],"collection":[{"href":"https:\/\/victorybeauty2022.devmaster.ch\/index.php?rest_route=\/wp\/v2\/pages"}],"about":[{"href":"https:\/\/victorybeauty2022.devmaster.ch\/index.php?rest_route=\/wp\/v2\/types\/page"}],"author":[{"embeddable":true,"href":"https:\/\/victorybeauty2022.devmaster.ch\/index.php?rest_route=\/wp\/v2\/users\/1"}],"replies":[{"embeddable":true,"href":"https:\/\/victorybeauty2022.devmaster.ch\/index.php?rest_route=%2Fwp%2Fv2%2Fcomments&post=752"}],"version-history":[{"count":10,"href":"https:\/\/victorybeauty2022.devmaster.ch\/index.php?rest_route=\/wp\/v2\/pages\/752\/revisions"}],"predecessor-version":[{"id":765,"href":"https:\/\/victorybeauty2022.devmaster.ch\/index.php?rest_route=\/wp\/v2\/pages\/752\/revisions\/765"}],"wp:attachment":[{"href":"https:\/\/victorybeauty2022.devmaster.ch\/index.php?rest_route=%2Fwp%2Fv2%2Fmedia&parent=752"}],"curies":[{"name":"wp","href":"https:\/\/api.w.org\/{rel}","templated":true}]}}